{"id":4295,"date":"2022-01-18T10:51:06","date_gmt":"2022-01-18T09:51:06","guid":{"rendered":"https:\/\/www.hpvinfo.be\/?page_id=164"},"modified":"2026-04-07T18:54:51","modified_gmt":"2026-04-07T16:54:51","slug":"das-virus","status":"publish","type":"page","link":"https:\/\/www.hpvinfo.lu\/de\/das-virus\/","title":{"rendered":"Das Virus"},"content":{"rendered":"\n<section class=\"mh-hero-5 mh-hero-5--hero-12 mh-hero-5--position-center-center mh-hero-5--24288df59047130796c043cb096413f3 mh-hero-5--align-full\">\n        <figure class=\"mh-hero-5__image mh-image mh-image--0beeded8867b6b48b01ba324fe9b9f0b with-aspect-ratio with-aspect-ratio--custom-only-large-screen\">\n        <div class=\"figure-outer\">\n            <div class=\"figure-inner\">\n                                            <img decoding=\"async\"\n        class=\"is-full-width\"\n        src=\"https:\/\/www.hpvinfo.lu\/de\/wp-content\/uploads\/sites\/559\/2025\/02\/le-virus-header.jpg?w=2048\"\n        width=\"2048\"\n        height=\"823\"\n        loading=\"lazy\"\n        alt=\"\"\n            \/>\n                                <\/div>\n        <\/div>\n            <\/figure>\n    \n\n<article class='mh-hero-5-content mh-hero-5-content--8e6473a81031a7599f7028efb8f8c826 mh-hero-5-content--hero-12'>\n    \n<h2  class=\"mh-hero-5-content__title mh-heading mh-heading--left mh-heading--4fda5fff94602a4dfdcb36251a2e3483\"><strong>Alles <\/strong>\u00fcber das HPV-Virus<\/h2>\n\n\n<p\n    class=\"mh-hero-5-content__text mh-paragraph mh-paragraph--4b9f8c38be57dbbcc25b22e33bac4f21\"\n    >\n    <br \/>\n<strong>Sch\u00fctzen Sie sich und Ihre Lieben<\/strong>. Informieren Sie in Ihrem Umfeld \u00fcber die HPV-Pr\u00e4vention und<br \/>\ndie Vorteile von Vorsorgeuntersuchungen, um Ihre Umgebung zu sensibilisieren und <strong>eine sicherere Welt zu schaffen<\/strong>. <strong>Sprechen Sie<\/strong> mit Ihrem Arzt oder Apotheker \u00fcber weitere Informationen zu HPV und <strong>Ihrer pers\u00f6nlichen Situation<\/strong>.<\/p>\n\n\n<div  class=\"mh-links mh-links--justified-start\">\n\n<a\n  class=\"mh-button mh-button--da352c6ba2409b969d7c7c4a89a7df08 mh-button--custom mh-button--small mh-button--rounded\"\n  href=\"\/de\/schutz\/\"\n  target=\"_self\"\n  rel=\"\"\n      >\n\n      <span class=\"mh-anchor-label\">\n      <span class=\"\">Besserer Schutz f\u00fcr mich<\/span>    <\/span>\n      <\/a>\n\n\n<\/div>\n<\/article>\n\n<\/section>\n\n\n<hr class=\"mh-spacer mh-spacer--75ea2214b1e722e67d851d7feff08735\" aria-hidden=\"true\" \/>\n\n\n<h3  class=\"mh-heading mh-heading--center mh-heading--2f229cdcf56e3d716be843f1b9e8507e\">HPV betrifft <strong>M\u00e4nner und Frauen <\/strong>gleicherma\u00dfen<\/h3>\n\n<div class=\"mh-columns mh-column--52274c619a7324c6f4a8891f0bbfe862 mh-columns--gutter-custom\">\n    <div class=\"mh-columns-inner\">\n        \n<div class=\"mh-column mh-column--275163265ddf2c3a84892cd849d204c1 mh-column--12 mh-column--m-6 mh-column--l-6\">\n    \n    <figure class=\"mh-image mh-image--911aea6ca767c13f07f35be5bb4fa241\" >\n                            <img decoding=\"async\"\n        class=\"\"\n        src=\"https:\/\/www.hpvinfo.lu\/de\/wp-content\/uploads\/sites\/559\/2025\/03\/GARDASIL_HPV_MSD_VAC_00008_bloc_A4_DE.png?w=1258\"\n        width=\"1258\"\n        height=\"922\"\n        loading=\"lazy\"\n        alt=\"\"\n            \/>\n                        <\/figure>\n\n\n\n<p\n    class=\"mh-paragraph mh-paragraph--e24bdd9309aa4688710059d3cdbe0472\"\n    >\n    <br \/>\nGesch\u00e4tzte durchschnittliche Anzahl neuer F\u00e4lle von Krebs und Genitalwarzen im Zusammenhang mit HPV pro Jahr in Europe.<sup>5<\/sup><\/p>\n\n<\/div>\n\n\n<div class=\"mh-column mh-column--971eebc6e98941a0282d4f68916f3699 mh-column--12 mh-column--m-6 mh-column--l-6\">\n    \n\n<p\n    class=\"mh-paragraph mh-paragraph--9aeac364b0cf838844d6c3fab85dbb35\"\n    >\n    Die humanen Papillomviren (HPV) bilden eine Gruppe von Viren, die an Haut und Schleimh\u00e4uten zu Infektionen f\u00fchren.<\/p>\n\n\n\n<p\n    class=\"mh-paragraph mh-paragraph--4d5f8c760971f9d91100ceecf1101d68\"\n    >\n    <mark style=\"background-color:#ffffff\" class=\"has-inline-color\"><strong>Insgesamt gibt es mehr als 200 HPV-Typen<\/strong>, die <strong>sowohl bei M\u00e4nnern als auch bei Frauen<\/strong> die inneren und \u00e4u\u00dferen Geschlechtsorgane, den Analbereich, bestimmte Hautregionen und auch die Mundpartie befallen k\u00f6nnen.<sup>6<\/sup><p class=\"p2\" style=\"margin-right: 0px;margin-bottom: 0px;margin-left: 0px;font-size: 11px;line-height: normal;color: rgb(0, 0, 0);min-height: 12px;letter-spacing: normal\"><\/p><strong>Ungef\u00e4hr 12 dieser HPV-Typen z\u00e4hlen zu den sogenannten Hochrisiko-Typen<\/strong>, da sie die Entstehung von Krebsvorstufen und Krebs verursachen k\u00f6nnen. Dabei <strong>handelt es sich meist um Geb\u00e4rmutterhalskrebs<\/strong>, jedoch treten auch andere Krebsarten bei M\u00e4nnern und Frauen auf.<sup>3<\/sup><p class=\"p2\" style=\"margin-right: 0px;margin-bottom: 0px;margin-left: 0px;font-size: 11px;line-height: normal;color: rgb(0, 0, 0);min-height: 12px;letter-spacing: normal\"><\/p><strong>In nahezu 90 % heilt eine HPV-Infektion unbemerkt wieder aus<\/strong>, aber bestimmte Typen der HP-Viren k\u00f6nnen sowohl bei M\u00e4nnern als auch bei Frauen zu sehr schwerwiegenden und l\u00e4stigen Krankheiten f\u00fchren.<\/mark><sup>3<\/sup><\/p>\n\n<\/div>\n\n    <\/div>\n<\/div>\n\n\n<hr class=\"mh-spacer mh-spacer--75ea2214b1e722e67d851d7feff08735\" aria-hidden=\"true\" \/>\n\n\n<div class=\"mh-columns mh-column--76dd501e023fc69a3a269ed743715ee8 mh-columns--gutter-m\">\n    <div class=\"mh-columns-inner\">\n        \n<div class=\"mh-column mh-column--d8c8f0ad205290d390b31985da1d6d32 mh-column--12 mh-column--m-8 mh-column--l-8\">\n    \n    <figure class=\"mh-image mh-image--402e5e83b20b24e52ca44376b888f997\" >\n                            <img decoding=\"async\"\n        class=\"\"\n        src=\"https:\/\/www.hpvinfo.lu\/de\/wp-content\/uploads\/sites\/559\/2024\/12\/Virus.png?w=31\"\n        width=\"31\"\n        height=\"31\"\n        loading=\"lazy\"\n        alt=\"\"\n            \/>\n                        <\/figure>\n\n\n\n<p\n    class=\"mh-paragraph mh-paragraph--left mh-paragraph--220b6b4712852aaaf79f7c4a3d876b5c\"\n    >\n    <em>Die \u00dcbertragung von humanen Papillomaviren (HPV) kommt weltweit vor. \u00dcber 80 % 1 der sexuell aktiven Bev\u00f6lkerung wird irgendwann mit einer HPV-Infektion konfrontiert, die H\u00e4lfte davon im Alter von 15 bis 24 Jahren, die andere H\u00e4lfte im Alter von 24 bis 59 Jahren.<\/em><sup>7<\/sup><\/p>\n\n\n\n<p class=\"has-text-color has-link-color wp-elements-3dfb6503ffa8fccb65ef2c44328df085\" style=\"color:#36424a;font-size:20px;line-height:1.5\">Es handelt sich um eine unsichtbare Infektion, die in den meisten F\u00e4llen unbemerkt bleibt, und es gibt keine einfache M\u00f6glichkeit, um festzustellen, ob jemand mit HPV infiziert ist. Bei 90 % der Infizierten ist das Virus dank ihrer nat\u00fcrlichen Immunit\u00e4t nach 2 bis 3 Jahren nicht mehr nachweisbar.<sup>3<\/sup><\/p>\n\n<\/div>\n\n\n<div class=\"mh-column mh-column--6566110ccfa17d67ccb0b5f98ebdfbbc mh-column--12 mh-column--m-4 mh-column--l-4\">\n    \n<hr class=\"mh-spacer mh-spacer--44fc9a8b7ed1fb635c951c24d5f732b7\" aria-hidden=\"true\" \/>\n\n\n    <figure class=\"mh-image mh-image--align-center mh-image--f999a4988418cbaef115c1f85a0c685f\" >\n                            <img decoding=\"async\"\n        class=\"\"\n        src=\"https:\/\/www.hpvinfo.lu\/de\/wp-content\/uploads\/sites\/559\/2024\/12\/Group-5.png?w=2048\"\n        width=\"2048\"\n        height=\"2048\"\n        loading=\"lazy\"\n        alt=\"\"\n            \/>\n                        <\/figure>\n\n<\/div>\n\n    <\/div>\n<\/div>\n\n\n<hr class=\"mh-spacer mh-spacer--75ea2214b1e722e67d851d7feff08735\" aria-hidden=\"true\" \/>\n\n\n<h3  class=\"mh-heading mh-heading--center mh-heading--04d5e36de3c10e4124f0478a4bc6dc33\"><em><br \/>\n<br \/>\nManchmal bleibt das Virus im K\u00f6rper, <strong>ohne irgendwelche Anzeichen oder Symptome zu zeigen<\/strong>, <\/em><br \/>\n<em>und kann daher <strong>unbemerkt \u00fcbertragen werden<\/strong>.<\/em><\/h3>\n\n<hr class=\"mh-spacer mh-spacer--75ea2214b1e722e67d851d7feff08735\" aria-hidden=\"true\" \/>\n\n\n<div class=\"mh-columns mh-column--76db54510c1ba64314da7ead6629b6ee mh-columns--gutter-m\">\n    <div class=\"mh-columns-inner\">\n        \n<div class=\"mh-column mh-column--01169789d953d2ec409677589836433a mh-column--12 mh-column--m-6 mh-column--l-6\">\n    \n    <figure class=\"mh-image mh-image--906ccd379f7b24b8876238165d6c9c6c\" >\n                        <a\n        class=\"mh-anchor-for-image\"\n        href=\"https:\/\/www.hpvinfo.be\/wp-content\/uploads\/sites\/123\/2023\/05\/HPV-patient-brochure-BE-NON-01446-FR.pdf\"\n        rel=\"noreferrer noopener\"\n        target=\"_blank\"\n    >\n            <img decoding=\"async\"\n        class=\"\"\n        src=\"https:\/\/www.hpvinfo.lu\/de\/wp-content\/uploads\/sites\/559\/2024\/02\/Question.png?w=37\"\n        width=\"37\"\n        height=\"37\"\n        loading=\"lazy\"\n        alt=\"\"\n            \/>\n        <\/a>\n                    <\/figure>\n\n\n\n<p\n    class=\"mh-paragraph mh-paragraph--left mh-paragraph--5166d2b65a55024dc7630f850384e15a\"\n    >\n    <em>Was sind die m\u00f6glichen\u00a0Folgen?<\/em><\/p>\n\n\n\n<p class=\"has-text-color has-link-color wp-elements-5ece47963a4ba71e9ec3713f7f4096b8\" style=\"color:#36424a;font-size:20px;line-height:1.5\">Einige HPV-Infektionen entwickeln sich langsam und f\u00fchren zu<br>keinen sichtbaren Symptomen. <strong>Diese Unsichtbarkeit kann jedoch t\u00fcckisch sein,und Sie sollten wissen, was daraus entstehen kann<\/strong>.<\/p>\n\n\n<div  class=\"mh-links mh-links--justified-start\">\n\n<a\n  class=\"mh-button mh-button--30ebdb52a505fa0cbff6ab56c0c27611 mh-button--custom mh-button--rounded mh-button--small\"\n  href=\"\/de\/folgen\"\n  target=\"_self\"\n  rel=\"\"\n      >\n\n      <span class=\"mh-anchor-label\">\n      <span class=\"\">Die Folgen<\/span>    <\/span>\n      <\/a>\n\n\n<\/div>\n<\/div>\n\n\n<div class=\"mh-column mh-column--f5dac6e79faaac0697553243fb3e4a65 mh-column--12 mh-column--m-6 mh-column--l-6\">\n    \n    <figure class=\"mh-image mh-image--align-right mh-image--b41f6baa4f0e2497a1012c1535d9e81e\" >\n                            <img decoding=\"async\"\n        class=\"\"\n        src=\"https:\/\/www.hpvinfo.lu\/de\/wp-content\/uploads\/sites\/559\/2024\/12\/Group-3.png?w=428\"\n        width=\"428\"\n        height=\"361\"\n        loading=\"lazy\"\n        alt=\"\"\n            \/>\n                        <\/figure>\n\n<\/div>\n\n    <\/div>\n<\/div>\n\n\n<hr class=\"mh-spacer mh-spacer--75ea2214b1e722e67d851d7feff08735\" aria-hidden=\"true\" \/>\n\n\n<hr class=\"mh-separator mh-separator--c28ee33dacd7319c58081ac2d4b157d7\" aria-hidden=\"true\" \/>\n\n\n\n<p\n    class=\"mh-paragraph mh-paragraph--59c292f55e8e4c0449b9cd4d9a6a9259\"\n    >\n    DNA = Desoxyribonukleins\u00e4ure, ein biologisches Makromolek\u00fcl, das die gesamte genetische Information enth\u00e4lt<\/p>\n\n\n\n<p\n    class=\"mh-paragraph mh-paragraph--708ff2a175f6df60b30c7723cc6fddeb\"\n    >\n    HPV = Humanes Papillomavirus<\/p>\n\n\n\n<p\n    class=\"mh-paragraph mh-paragraph--692a19b618e0becb8582410d4948c6a2\"\n    >\n    STI = sexuell \u00fcbertragbare Infektionen<\/p>\n\n\n<div class=\"mh-accordion mh-accordion--a292a4ed9a5efb7b2ebf9aeb9fbec2e4 mh-accordion--default\" data-configuration=\"{&quot;variation&quot;:&quot;default&quot;,&quot;speed&quot;:250}\">\n    \n\n<section class=\"mh-accordion-molecule mh-accordion-molecule--bf39f68c77a6a3cb901f94fa387881db mh-accordion-molecule--closed\"  >\n    <header class=\"mh-accordion-molecule-header\">\n                <h4 class=\"mh-accordion-molecule-header__heading\">\n            <button class=\"mh-accordion-molecule-header__heading-trigger\" aria-expanded=\"false\" type=\"button\">\n                Referenzen :            <\/button>\n        <\/h4>\n        <span class=\"mh-accordion-molecule-header__icon-dropdown\">\n            \n<svg width=\"1em\" height=\"1em\" class=\"mh-icon mh-icon--kind-generic mh-icon--name-dropdown-arrow mh-icon--dropdown-arrow\" role=\"img\" aria-hidden=\"true\">\n    \n    \n    <use xlink:href=\"https:\/\/www.hpvinfo.lu\/de\/wp-content\/themes\/cex-wpvip-mh-theme-3.1\/modules\/theme\/resources\/icons\/svg\/generic\/dropdown-arrow.svg#dropdown-arrow\"><\/use>\n<\/svg>\n        <\/span>\n    <\/header>\n    <div class=\"mh-accordion-molecule-content\">\n        <div class=\"mh-accordion-molecule-content__body\">\n            \n\n<ol class=\"mh-v2-clist mh-v2-clist--4c1846f2b95251bb827856d5752c5a5e mh-v2-clist--line\"  >\n\n\n<li>\n    Chesson HW et al. The estimated lifetime probability of acquiring human papillomavirus in the US. Sex Transm Dis 2014;11:660-664.    <\/li>\n\n\n\n<li>\n    Shi R et al. BMC Res Notes. 2014;7:544;Factors associated with genital human papillomavirus infection among adult females in the United States, NHANES 2007-2010.    <\/li>\n\n\n\n<li>\n    Conseil Sup\u00e9rieur de la Sant\u00e9. Vaccination contre les infections caus\u00e9es par le papillomavirus humain. Bruxelles : CSS; 2017. Avis n\u00b0 9181.    <\/li>\n\n\n\n<li>\n    <a href=\"https:\/\/www.sciensano.be\/sites\/default\/files\/hpv_primaire_communication_fr_20241101_sciensano_1.pdf\">https:\/\/www.sciensano.be\/sites\/default\/files\/hpv_primaire_communication_fr_20241101_sciensano_1.pdf<\/a>. Last access: 02\/2025.    <\/li>\n\n\n\n<li>\n    Hartwig S. et al. Estimation of the overall burden of cancers, precancerous lesions, and genital warts attributable to 9-valent HPV vaccine types in women and men in Europe. Infect Agent Cancer. 2017;12:19 (Annex 1&amp;2).    <\/li>\n\n\n\n<li>\n    Hartwig S. et al. Estimation of the epidemiological burden of HPV-related anogenital cancers, precancerous lesions, and genital warts in women and men in Europe: potential additional benefit of a nine-valent second gene-ration HPV vaccine compared to first generation HPV vaccines. Papillomavirus Res. 2015;1:90\u2013100 (Annex 3).    <\/li>\n\n\n\n<li>\n    IARC report: <a href=\"https:\/\/hpvcentre.net\/statistics\/reports\/BEL.pdf?t=1701719033972\">https:\/\/hpvcentre.net\/statistics\/reports\/BEL.pdf?t=1701719033972<\/a>. Last access: 02\/2025.    <\/li>\n\n\n\n<li>\n    ECDC 2020. Guidance on HPV vaccination in EU countries: focus on boys, people living with HIV and 9-valent HPV vaccine introduction (europa.eu). Last access: 02\/2025.    <\/li>\n\n\n\n<li>\n    Satterwhite CL et al. Sexually transmitted infections among US women and men: pre-valence and incidence estimates, 2008. Sex Transm Dis 2013;40:187\u201393.    <\/li>\n\n\n\n<li>\n    Woodman C. et al. The natural history of cervical HPV infection: unresolved issues. Nat Rev Cancer. 2007;7:11\u201322.    <\/li>\n\n\n\n<li>\n    <a href=\"https:\/\/www.vaccination-info.be\/la-vaccination-contre-le-papillomavirus-humain-hpv-une-vaccination-pour-tous\/\">https:\/\/www.vaccination-info.be\/la-vaccination-contre-le-papillomavirus-humain-hpv-une-vaccination-pour-tous\/<\/a>. Last access: 02\/2025.    <\/li>\n\n\n\n<li>\n    Hartwig S. et al. Estimation of the epidemiological burden of HPV-related anogenital cancers, precancerous lesions, and genital warts in women and men in Europe: potential additional benefit of a nine-valent second generation HPV vaccine compared to first generation HPV vaccines. Papillomavirus Res. 2015;1:90\u2013100.    <\/li>\n\n\n\n<li>\n    INAMI: Variations de pratiques m\u00e9dicales. Rapport Col de l\u2019ut\u00e9rus, conisations. https:\/\/www.belgiqueenbonnesante.be\/images\/INAMI\/Rapports\/RAPPORT-FR-Col_de_luterus_conisation_Femmes_2023.pdf. Last acccess: 02\/2025.    <\/li>\n\n\n\n<li>\n    Tjalma W. AA. et al. If prophylactic HPV vaccination is considered in a woman with CIN2+, what is the value and should it be given before or after the surgical treatment? Eur Journ Obst &amp; Gyn &amp; Reproduct Biology. 2022;98\u2013101.    <\/li>\n\n\n\n<li>\n    Weaver BA. Epidemiology and Natural History of Genital Human Papillomavirus Infection. J Am Osteopath Assoc. 2006;106:S2\u20138.    <\/li>\n\n\n\n<li>\n    Bruni, Laia et al. \u201cGlobal and regional estimates of genital human papillomavirus prevalence among men: a systematic review and meta-analysis.\u201d The Lancet. Global health vol. 11,9 (2023): e1345-e1362.    <\/li>\n\n\n\n<li>\n    ICO\/IARC Information Centre on HPV and Cancer. Luxembourg Human Papillomavirus and Related Cancers, Fact Sheet 2023 (2023-03-10)    <\/li>\n\n<\/ol>\n\n        <\/div>\n    <\/div>\n<\/section>\n\n<\/div>\n\n\n<hr class=\"mh-spacer mh-spacer--99f05e4356b93b13b637e0cdeb95111b\" aria-hidden=\"true\" \/>\n\n\n<div class=\"mh-element mh-element--1c2f160961139fb4def29dce41dcdf8d mh-element--align-full\">\n    <div class=\"mh-container\">\n        \n<div class=\"mh-columns mh-column--2aad5c47b911e396bfd993f16223d843 mh-columns--gutter-m\">\n    <div class=\"mh-columns-inner\">\n        \n<div class=\"mh-column mh-column--12932c51a7c0a1a7b496393e5e50cc56 mh-column--12 mh-column--m-6 mh-column--l-3\">\n    \n    <figure class=\"mh-image mh-image--67004d3e141974f10740d4623eb50d18\" >\n                            <img decoding=\"async\"\n        class=\"\"\n        src=\"https:\/\/www.hpvinfo.lu\/de\/wp-content\/uploads\/sites\/559\/2025\/01\/HPVfoundation_LOGO_black_de_250.png?w=250\"\n        width=\"250\"\n        height=\"52\"\n        loading=\"lazy\"\n        alt=\"\"\n            \/>\n                        <\/figure>\n\n\n<hr class=\"mh-spacer mh-spacer--18ed09467a8ca8e30235f223abff62e2\" aria-hidden=\"true\" \/>\n\n\n\n<p\n    class=\"mh-paragraph mh-paragraph--e4d80641e271643402ada36b23c7091d\"\n    >\n    Diese Website hat den Zweck, Sie \u00fcber humane Papillomviren zu informieren. F\u00fcr weitere Informationen sprechen Sie mit Ihrem Arzt oder Apotheker.<br \/>\n<\/p>\n\n<\/div>\n\n\n<div class=\"mh-column mh-column--fa352165e41ebad944a1e47e51b128fd mh-column--12 mh-column--m-6 mh-column--l-3\">\n    \n\n<p\n    class=\"mh-paragraph mh-paragraph--9963f5ee17b83a97d64194c78241d3b6\"\n    >\n    <a href=\"\/de\/das-virus\">Das Virus<\/a><br \/>\n<a href=\"\/de\/folgen\/\">Die Folgen<br \/>\n<\/a><a href=\"\/de\/schutz\">Der Schutz<\/a><br \/>\n<a href=\"\/de\/impfung\/\">Die Impfung<\/a><br \/>\n<a href=\"\/de\/screening-2\/\">Das Screening<br \/>\n<\/a><a href=\"\/de\/fur-eltern\/\">F\u00fcr Eltern<br \/>\n<\/a><a href=\"\/de\/hpv-sehr-weit-verbreitet-oft-unterschatzt\/\">F\u00fcr Frauen<br \/>\n<\/a><a href=\"\/de\/fur-manner\/\">F\u00fcr M\u00e4nner<\/a><\/p>\n\n<\/div>\n\n\n<div class=\"mh-column mh-column--61caa85e68f43a1e9728679a48be1d01 mh-column--12 mh-column--m-6 mh-column--l-3\">\n    \n\n<p\n    class=\"mh-paragraph mh-paragraph--f3671c77f99aa642dfb2e2bf89af531f\"\n    >\n    <a href=\"https:\/\/www.msd-belgium.be\/en\/disclaimer\/\">Allgemeine Gesch\u00e4ftsbedingungen<br \/>\n<\/a><a href=\"https:\/\/www.msdprivacy.com\/be\/fra\/\">Datenschutzerkl\u00e4rung<\/a><br \/>\n<a href=\"mailto:dpoc_belux@msd.com\">Kontaktieren Sie uns<br \/>\nArzneimittel\u00fcberwachung<\/a><br \/>\n<a href=\"https:\/\/www.msdaccessibility.com\/\">Barrierefreiheit<\/a><\/p>\n\n\n    <figure class=\"mh-image mh-image--6e3e6c2974d6ae03616197474706adc5\" >\n                        <a\n        class=\"mh-anchor-for-image\"\n        href=\"https:\/\/www.essentialaccessibility.com\/msd\"\n        rel=\"\"\n        target=\"\"\n    >\n            <img decoding=\"async\"\n        class=\"\"\n        src=\"https:\/\/www.hpvinfo.lu\/de\/wp-content\/uploads\/sites\/559\/2024\/02\/ea-icon_75.png?w=75\"\n        width=\"75\"\n        height=\"29\"\n        loading=\"lazy\"\n        alt=\"Essential Accessibility\"\n            \/>\n        <\/a>\n                    <\/figure>\n\n<\/div>\n\n\n<div class=\"mh-column mh-column--0038233011e76050f6b804d0e8f4282d mh-column--12 mh-column--m-6 mh-column--l-3\">\n    \n\n<p>\u00a9 MSD Luxembourg S.\u00e0.r.l.<br>Rue de l\u2019Industrie 11<br>L-8399 Windhof<br>\u00a9 Copyright 2025, all rights reserved<br><\/p>\n\n\n\n<p><br>LU-NON-00065<br>Date of last revision: 04\/2025<\/p>\n\n<\/div>\n\n    <\/div>\n<\/div>\n\n    <\/div>\n<\/div>\n","protected":false},"excerpt":{"rendered":"","protected":false},"author":173,"featured_media":0,"parent":0,"menu_order":0,"comment_status":"closed","ping_status":"closed","template":"blank-canvas-template.php","meta":{"_mh_page_language":"de_DE","_mh_page_is_rtl":false,"editor_notices":[],"footnotes":""},"class_list":["post-4295","page","type-page","status-publish","hentry"],"yoast_head":"<!-- This site is optimized with the Yoast SEO plugin v27.0 - https:\/\/yoast.com\/product\/yoast-seo-wordpress\/ -->\n<title>Das Virus - HPV Lux DE<\/title>\n<meta name=\"robots\" content=\"index, follow, max-snippet:-1, max-image-preview:large, max-video-preview:-1\" \/>\n<link rel=\"canonical\" href=\"https:\/\/www.hpvinfo.lu\/de\/das-virus\/\" \/>\n<meta property=\"og:locale\" content=\"de_DE\" \/>\n<meta property=\"og:type\" content=\"article\" \/>\n<meta property=\"og:title\" content=\"Das Virus - HPV Lux DE\" \/>\n<meta property=\"og:url\" content=\"https:\/\/www.hpvinfo.lu\/de\/das-virus\/\" \/>\n<meta property=\"og:site_name\" content=\"HPV Lux DE\" \/>\n<meta property=\"article:modified_time\" content=\"2026-04-07T16:54:51+00:00\" \/>\n<meta name=\"twitter:card\" content=\"summary_large_image\" \/>\n<meta name=\"twitter:label1\" content=\"Gesch\u00e4tzte Lesezeit\" \/>\n\t<meta name=\"twitter:data1\" content=\"1 Minute\" \/>\n<script type=\"application\/ld+json\" class=\"yoast-schema-graph\">{\"@context\":\"https:\/\/schema.org\",\"@graph\":[{\"@type\":\"WebPage\",\"@id\":\"https:\/\/www.hpvinfo.lu\/de\/das-virus\/\",\"url\":\"https:\/\/www.hpvinfo.lu\/de\/das-virus\/\",\"name\":\"Das Virus - HPV Lux DE\",\"isPartOf\":{\"@id\":\"https:\/\/www.hpvinfo.lu\/de\/#website\"},\"datePublished\":\"2022-01-18T09:51:06+00:00\",\"dateModified\":\"2026-04-07T16:54:51+00:00\",\"breadcrumb\":{\"@id\":\"https:\/\/www.hpvinfo.lu\/de\/das-virus\/#breadcrumb\"},\"inLanguage\":\"de-DE\",\"potentialAction\":[{\"@type\":\"ReadAction\",\"target\":[\"https:\/\/www.hpvinfo.lu\/de\/das-virus\/\"]}]},{\"@type\":\"BreadcrumbList\",\"@id\":\"https:\/\/www.hpvinfo.lu\/de\/das-virus\/#breadcrumb\",\"itemListElement\":[{\"@type\":\"ListItem\",\"position\":1,\"name\":\"Home\",\"item\":\"https:\/\/www.hpvinfo.lu\/de\/\"},{\"@type\":\"ListItem\",\"position\":2,\"name\":\"Das Virus\"}]},{\"@type\":\"WebSite\",\"@id\":\"https:\/\/www.hpvinfo.lu\/de\/#website\",\"url\":\"https:\/\/www.hpvinfo.lu\/de\/\",\"name\":\"HPV Lux DE\",\"description\":\"Consumer Activation\",\"potentialAction\":[{\"@type\":\"SearchAction\",\"target\":{\"@type\":\"EntryPoint\",\"urlTemplate\":\"https:\/\/www.hpvinfo.lu\/de\/?s={search_term_string}\"},\"query-input\":{\"@type\":\"PropertyValueSpecification\",\"valueRequired\":true,\"valueName\":\"search_term_string\"}}],\"inLanguage\":\"de-DE\"}]}<\/script>\n<!-- \/ Yoast SEO plugin. -->","yoast_head_json":{"title":"Das Virus - HPV Lux DE","robots":{"index":"index","follow":"follow","max-snippet":"max-snippet:-1","max-image-preview":"max-image-preview:large","max-video-preview":"max-video-preview:-1"},"canonical":"https:\/\/www.hpvinfo.lu\/de\/das-virus\/","og_locale":"de_DE","og_type":"article","og_title":"Das Virus - HPV Lux DE","og_url":"https:\/\/www.hpvinfo.lu\/de\/das-virus\/","og_site_name":"HPV Lux DE","article_modified_time":"2026-04-07T16:54:51+00:00","twitter_card":"summary_large_image","twitter_misc":{"Gesch\u00e4tzte Lesezeit":"1 Minute"},"schema":{"@context":"https:\/\/schema.org","@graph":[{"@type":"WebPage","@id":"https:\/\/www.hpvinfo.lu\/de\/das-virus\/","url":"https:\/\/www.hpvinfo.lu\/de\/das-virus\/","name":"Das Virus - HPV Lux DE","isPartOf":{"@id":"https:\/\/www.hpvinfo.lu\/de\/#website"},"datePublished":"2022-01-18T09:51:06+00:00","dateModified":"2026-04-07T16:54:51+00:00","breadcrumb":{"@id":"https:\/\/www.hpvinfo.lu\/de\/das-virus\/#breadcrumb"},"inLanguage":"de-DE","potentialAction":[{"@type":"ReadAction","target":["https:\/\/www.hpvinfo.lu\/de\/das-virus\/"]}]},{"@type":"BreadcrumbList","@id":"https:\/\/www.hpvinfo.lu\/de\/das-virus\/#breadcrumb","itemListElement":[{"@type":"ListItem","position":1,"name":"Home","item":"https:\/\/www.hpvinfo.lu\/de\/"},{"@type":"ListItem","position":2,"name":"Das Virus"}]},{"@type":"WebSite","@id":"https:\/\/www.hpvinfo.lu\/de\/#website","url":"https:\/\/www.hpvinfo.lu\/de\/","name":"HPV Lux DE","description":"Consumer Activation","potentialAction":[{"@type":"SearchAction","target":{"@type":"EntryPoint","urlTemplate":"https:\/\/www.hpvinfo.lu\/de\/?s={search_term_string}"},"query-input":{"@type":"PropertyValueSpecification","valueRequired":true,"valueName":"search_term_string"}}],"inLanguage":"de-DE"}]}},"_links":{"self":[{"href":"https:\/\/www.hpvinfo.lu\/de\/wp-json\/wp\/v2\/pages\/4295","targetHints":{"allow":["GET"]}}],"collection":[{"href":"https:\/\/www.hpvinfo.lu\/de\/wp-json\/wp\/v2\/pages"}],"about":[{"href":"https:\/\/www.hpvinfo.lu\/de\/wp-json\/wp\/v2\/types\/page"}],"author":[{"embeddable":true,"href":"https:\/\/www.hpvinfo.lu\/de\/wp-json\/wp\/v2\/users\/173"}],"replies":[{"embeddable":true,"href":"https:\/\/www.hpvinfo.lu\/de\/wp-json\/wp\/v2\/comments?post=4295"}],"version-history":[{"count":62,"href":"https:\/\/www.hpvinfo.lu\/de\/wp-json\/wp\/v2\/pages\/4295\/revisions"}],"predecessor-version":[{"id":5420,"href":"https:\/\/www.hpvinfo.lu\/de\/wp-json\/wp\/v2\/pages\/4295\/revisions\/5420"}],"wp:attachment":[{"href":"https:\/\/www.hpvinfo.lu\/de\/wp-json\/wp\/v2\/media?parent=4295"}],"curies":[{"name":"wp","href":"https:\/\/api.w.org\/{rel}","templated":true}]}}