{"id":4296,"date":"2022-01-18T13:27:32","date_gmt":"2022-01-18T12:27:32","guid":{"rendered":"https:\/\/www.hpvinfo.be\/?page_id=202"},"modified":"2026-04-07T18:53:57","modified_gmt":"2026-04-07T16:53:57","slug":"schutz","status":"publish","type":"page","link":"https:\/\/www.hpvinfo.lu\/de\/schutz\/","title":{"rendered":"Schutz"},"content":{"rendered":"\n<section class=\"mh-hero-5 mh-hero-5--hero-12 mh-hero-5--position-center-center mh-hero-5--3716375475c5f1ba5236b707419541d9 mh-hero-5--align-full\">\n        <figure class=\"mh-hero-5__image mh-image mh-image--d7f606cd345bd66505e76fc0c468b54d with-aspect-ratio with-aspect-ratio--custom-only-large-screen\">\n        <div class=\"figure-outer\">\n            <div class=\"figure-inner\">\n                                            <img decoding=\"async\"\n        class=\"is-full-width\"\n        src=\"https:\/\/www.hpvinfo.lu\/de\/wp-content\/uploads\/sites\/559\/2024\/12\/header-protection.png?w=1440\"\n        width=\"1440\"\n        height=\"579\"\n        loading=\"lazy\"\n        alt=\"\"\n            \/>\n                                <\/div>\n        <\/div>\n            <\/figure>\n    \n\n<article class='mh-hero-5-content mh-hero-5-content--3ae4174040ac9c061359c73f886066e7 mh-hero-5-content--hero-12'>\n    \n<h2  class=\"mh-hero-5-content__title mh-heading mh-heading--left mh-heading--c108284b155fad3cd31e16f027cd7f55\"><em><strong>Wie kann ich eine HPV\u2011Infektion vermeiden?<\/strong><\/em><\/h2>\n\n\n<p\n    class=\"mh-hero-5-content__text mh-paragraph mh-paragraph--d26e128efb2842d7b41c72b5ecce9b46\"\n    >\n    Sch\u00fctzen Sie sich und Ihre Lieben. Informieren Sie in Ihrem Umfeld \u00fcber die HPV-Pr\u00e4vention und die Vorteile von Vorsorgeuntersuchungen, um Ihre Umgebung zu sensibilisieren und eine sicherere Welt zu schaffen. Sprechen Sie mit Ihrem Arzt oder Apotheker \u00fcber weitere Informationen zu HPV und Ihrer pers\u00f6nlichen Situation.<\/p>\n\n<\/article>\n\n<\/section>\n\n\n<hr class=\"mh-spacer mh-spacer--75ea2214b1e722e67d851d7feff08735\" aria-hidden=\"true\" \/>\n\n\n<h3  class=\"mh-heading mh-heading--center mh-heading--b48b68bdda3b454dd42136d96ab9c47d\"><em><br \/>\nEs gibt keine Behandlung f\u00fcr HPV-Infektionen, aber sie k\u00f6nnen <strong>durch Impfung weitgehend verhindert werden.<\/strong><\/em><\/h3>\n\n<div class=\"mh-columns mh-column--9a888ac1a5a3d6ce9db7bc81b6506690 mh-columns--gutter-m\">\n    <div class=\"mh-columns-inner\">\n        \n<div class=\"mh-column mh-column--8b95e72d52df1acf6507d8bf4e28a8dc mh-column--12 mh-column--m-12 mh-column--l-12\">\n    \n<div class=\"mh-columns mh-column--0c132ea3c4169ca67f571eada566e5b5 mh-columns--gutter-l\">\n    <div class=\"mh-columns-inner\">\n        \n<div class=\"mh-column mh-column--fce06e3ce80a0f2fefa38eee644da006 mh-column--12 mh-column--m-6 mh-column--l-6\">\n    \n    <figure class=\"mh-image mh-image--848e99a936431c643634b3d34d669627\" >\n                            <img decoding=\"async\"\n        class=\"\"\n        src=\"https:\/\/www.hpvinfo.lu\/de\/wp-content\/uploads\/sites\/559\/2024\/12\/AdobeStock_422595872-1.png?w=594\"\n        width=\"594\"\n        height=\"407\"\n        loading=\"lazy\"\n        alt=\"\"\n            \/>\n                        <\/figure>\n\n\n<hr class=\"mh-spacer mh-spacer--fe4036aa28e32b1e40f2020e2e82e6f3\" aria-hidden=\"true\" \/>\n\n\n    <figure class=\"mh-image mh-image--78a024badd5e7ac4d4635822b0c9e365\" >\n                            <img decoding=\"async\"\n        class=\"\"\n        src=\"https:\/\/www.hpvinfo.lu\/de\/wp-content\/uploads\/sites\/559\/2024\/12\/Frame-3.png?w=38\"\n        width=\"38\"\n        height=\"38\"\n        loading=\"lazy\"\n        alt=\"\"\n            \/>\n                        <\/figure>\n\n\n<h4  class=\"mh-heading mh-heading--244b62bdc0dd6c7c3aaa2dfd9393ba3b\"><strong>Das Kondom bietet keinen vollst\u00e4ndigen Schutz<\/strong><sup>3<\/sup><\/h4>\n\n\n<p>Die HP-Viren werden durch den Kontakt mit einer infizierten Hautstelle \u00fcbertragen. Das bedeutet konkret, dass auch ohne Geschlechtsverkehr eine Ansteckungsgefahr besteht.<\/p>\n\n\n\n<p\n    class=\"mh-paragraph mh-paragraph--cf7615c3846c0ce94bcbb680ed125d71\"\n    >\n    Das Kondom stellt ein unersetzliches, aber unvollkommenes Mittel zum Schutz vor sexuell \u00fcbertragbaren Infektionen und einer m\u00f6gliche Schwangerschaft dar.<\/p>\n\n<\/div>\n\n\n<div class=\"mh-column mh-column--0780f9f28288ae4558c4fc71dfbce8eb mh-column--12 mh-column--m-6 mh-column--l-6\">\n    \n    <figure class=\"mh-image mh-image--d2575bbcd51a031b11f1d7d04207c6d5\" >\n                            <img decoding=\"async\"\n        class=\"\"\n        src=\"https:\/\/www.hpvinfo.lu\/de\/wp-content\/uploads\/sites\/559\/2024\/12\/AdobeStock_606488037-1.png?w=594\"\n        width=\"594\"\n        height=\"407\"\n        loading=\"lazy\"\n        alt=\"\"\n            \/>\n                        <\/figure>\n\n\n<hr class=\"mh-spacer mh-spacer--fe4036aa28e32b1e40f2020e2e82e6f3\" aria-hidden=\"true\" \/>\n\n\n    <figure class=\"mh-image mh-image--997b80ec46f8d4c22c846586214746f8\" >\n                            <img decoding=\"async\"\n        class=\"\"\n        src=\"https:\/\/www.hpvinfo.lu\/de\/wp-content\/uploads\/sites\/559\/2024\/12\/Vaccine.png?w=38\"\n        width=\"38\"\n        height=\"38\"\n        loading=\"lazy\"\n        alt=\"\"\n            \/>\n                        <\/figure>\n\n\n<h4  class=\"mh-heading mh-heading--a9ce347e37dffbd5f526f3f84a42ad11\"><strong>Sch\u00fctzen Sie sich durch Impfung<\/strong><\/h4>\n\n\n<p>Genau wie bei anderen Viren (Grippe, Hepatitis B, usw.) ist die Impfung ein wirksames Mittel, zur Pr\u00e4vention. Die Antik\u00f6rper sorgen daf\u00fcr, dass ein eindringendes HP-Virus bek\u00e4mpft wird, sodass es gar nicht erst zu einer Infektion kommen kann.<\/p>\n\n\n\n<p\n    class=\"mh-paragraph mh-paragraph--632f08d9c6e1cb566036b6c0b86e1f57\"\n    >\n    F\u00fcr einen optimalen Schutz darf die geimpfte Person noch nicht mit dem Virus infiziert sein. Daher ist es so wichtig sich fr\u00fchzeitig, noch vor den ersten sexuellen Kontakten, impfen zu lassen..<\/p>\n\n\n\n<p\n    class=\"mh-paragraph mh-paragraph--7f1d2457ce862c732726afdaf0b2709a\"\n    >\n    Wie bereits erw\u00e4hnt, bekommen\u00a0\u00b1 80 %\u00a0der Bev\u00f6lkerung in ihrem Leben mit einer HPV-Infektion zu tun, wobei das Immunsystem von fast 90% dieser Menschen die Viren erfolgreich bek\u00e4mpft.<\/p>\n\n\n\n<p\n    class=\"mh-paragraph mh-paragraph--cd1aa3067d1a51fa7d807fe8c56ea6a2\"\n    >\n    Solltest du in der Vergangenheit bereits sexuelle Kontakte gehabt haben, l\u00e4ufst du Gefahr dich mit einem HPV-Typ zu infizieren, der im Impfstoff enthalten ist. In diesem Fall bietet die HPV-Impfung ausschlie\u00dflich Schutz vor den HPV-Typen, die vor der Impfung noch nicht im K\u00f6rper waren. Z\u00f6gere nicht, die Impfung mit deinem Arzt oder Apotheker zu besprechen.<\/p>\n\n<\/div>\n\n    <\/div>\n<\/div>\n\n<\/div>\n\n    <\/div>\n<\/div>\n\n\n<hr class=\"mh-spacer mh-spacer--0964ebd1ebd08155d846a1d84403df7d\" aria-hidden=\"true\" \/>\n\n\n<hr class=\"mh-spacer mh-spacer--75ea2214b1e722e67d851d7feff08735\" aria-hidden=\"true\" \/>\n\n\n<div class=\"mh-columns mh-column--e16288b92482413678852a7480a021bd mh-columns--gutter-m\">\n    <div class=\"mh-columns-inner\">\n        \n<div class=\"mh-column mh-column--9e98f919ad058828810ee6e804193de6 mh-column--12 mh-column--m-6 mh-column--l-6\">\n    \n    <figure class=\"mh-image mh-image--align-right mh-image--c3aef147de632260d217be2a707a630d\" >\n                            <img decoding=\"async\"\n        class=\"\"\n        src=\"https:\/\/www.hpvinfo.lu\/de\/wp-content\/uploads\/sites\/559\/2024\/12\/Group-3-1-1.png?w=427\"\n        width=\"427\"\n        height=\"361\"\n        loading=\"lazy\"\n        alt=\"\"\n            \/>\n                        <\/figure>\n\n<\/div>\n\n\n<div class=\"mh-column mh-column--6029067282d53a996e857a28728fc33d mh-column--12 mh-column--m-6 mh-column--l-6\">\n    \n\n<p\n    class=\"mh-paragraph mh-paragraph--left mh-paragraph--533caea9f50440bab7ee7bc7fa3c3411\"\n    >\n    <em><br \/>\nIst dein Partner\/deine Partnerin gegen HPV geimpft?<\/em><\/p>\n\n\n\n<p class=\"has-text-color has-link-color wp-elements-e16a7a3b9cc25bb5563724a71687293e\" style=\"color:#36424a;font-size:20px;line-height:1.5\">Z\u00f6gere nicht, deine Sexualpartner nach der HPV\u2011Impfung zu fragen.<\/p>\n\n<\/div>\n\n    <\/div>\n<\/div>\n\n\n<hr class=\"mh-spacer mh-spacer--75ea2214b1e722e67d851d7feff08735\" aria-hidden=\"true\" \/>\n\n\n<hr class=\"mh-separator mh-separator--c28ee33dacd7319c58081ac2d4b157d7\" aria-hidden=\"true\" \/>\n\n\n\n<p\n    class=\"mh-paragraph mh-paragraph--59c292f55e8e4c0449b9cd4d9a6a9259\"\n    >\n    DNA = Desoxyribonukleins\u00e4ure, ein biologisches Makromolek\u00fcl, das die gesamte genetische Information enth\u00e4lt<\/p>\n\n\n\n<p\n    class=\"mh-paragraph mh-paragraph--708ff2a175f6df60b30c7723cc6fddeb\"\n    >\n    HPV = Humanes Papillomavirus<\/p>\n\n\n\n<p\n    class=\"mh-paragraph mh-paragraph--692a19b618e0becb8582410d4948c6a2\"\n    >\n    STI = sexuell \u00fcbertragbare Infektionen<\/p>\n\n\n<div class=\"mh-accordion mh-accordion--a292a4ed9a5efb7b2ebf9aeb9fbec2e4 mh-accordion--default\" data-configuration=\"{&quot;variation&quot;:&quot;default&quot;,&quot;speed&quot;:250}\">\n    \n\n<section class=\"mh-accordion-molecule mh-accordion-molecule--bf39f68c77a6a3cb901f94fa387881db mh-accordion-molecule--closed\"  >\n    <header class=\"mh-accordion-molecule-header\">\n                <h4 class=\"mh-accordion-molecule-header__heading\">\n            <button class=\"mh-accordion-molecule-header__heading-trigger\" aria-expanded=\"false\" type=\"button\">\n                Referenzen :            <\/button>\n        <\/h4>\n        <span class=\"mh-accordion-molecule-header__icon-dropdown\">\n            \n<svg width=\"1em\" height=\"1em\" class=\"mh-icon mh-icon--kind-generic mh-icon--name-dropdown-arrow mh-icon--dropdown-arrow\" role=\"img\" aria-hidden=\"true\">\n    \n    \n    <use xlink:href=\"https:\/\/www.hpvinfo.lu\/de\/wp-content\/themes\/cex-wpvip-mh-theme-3.1\/modules\/theme\/resources\/icons\/svg\/generic\/dropdown-arrow.svg#dropdown-arrow\"><\/use>\n<\/svg>\n        <\/span>\n    <\/header>\n    <div class=\"mh-accordion-molecule-content\">\n        <div class=\"mh-accordion-molecule-content__body\">\n            \n\n<ol class=\"mh-v2-clist mh-v2-clist--4c1846f2b95251bb827856d5752c5a5e mh-v2-clist--line\"  >\n\n\n<li>\n    Chesson HW et al. The estimated lifetime probability of acquiring human papillomavirus in the US. Sex Transm Dis 2014;11:660-664.    <\/li>\n\n\n\n<li>\n    Shi R et al. BMC Res Notes. 2014;7:544;Factors associated with genital human papillomavirus infection among adult females in the United States, NHANES 2007-2010.    <\/li>\n\n\n\n<li>\n    Conseil Sup\u00e9rieur de la Sant\u00e9. Vaccination contre les infections caus\u00e9es par le papillomavirus humain. Bruxelles : CSS; 2017. Avis n\u00b0 9181.    <\/li>\n\n\n\n<li>\n    <a href=\"https:\/\/www.sciensano.be\/sites\/default\/files\/hpv_primaire_communication_fr_20241101_sciensano_1.pdf\">https:\/\/www.sciensano.be\/sites\/default\/files\/hpv_primaire_communication_fr_20241101_sciensano_1.pdf<\/a>. Last access: 02\/2025.    <\/li>\n\n\n\n<li>\n    Hartwig S. et al. Estimation of the overall burden of cancers, precancerous lesions, and genital warts attributable to 9-valent HPV vaccine types in women and men in Europe. Infect Agent Cancer. 2017;12:19 (Annex 1&amp;2).    <\/li>\n\n\n\n<li>\n    Hartwig S. et al. Estimation of the epidemiological burden of HPV-related anogenital cancers, precancerous lesions, and genital warts in women and men in Europe: potential additional benefit of a nine-valent second gene-ration HPV vaccine compared to first generation HPV vaccines. Papillomavirus Res. 2015;1:90\u2013100 (Annex 3).    <\/li>\n\n\n\n<li>\n    IARC report: <a href=\"https:\/\/hpvcentre.net\/statistics\/reports\/BEL.pdf?t=1701719033972\">https:\/\/hpvcentre.net\/statistics\/reports\/BEL.pdf?t=1701719033972<\/a>. Last access: 02\/2025.    <\/li>\n\n\n\n<li>\n    ECDC 2020. Guidance on HPV vaccination in EU countries: focus on boys, people living with HIV and 9-valent HPV vaccine introduction (europa.eu). Last access: 02\/2025.    <\/li>\n\n\n\n<li>\n    Satterwhite CL et al. Sexually transmitted infections among US women and men: pre-valence and incidence estimates, 2008. Sex Transm Dis 2013;40:187\u201393.    <\/li>\n\n\n\n<li>\n    Woodman C. et al. The natural history of cervical HPV infection: unresolved issues. Nat Rev Cancer. 2007;7:11\u201322.    <\/li>\n\n\n\n<li>\n    <a href=\"https:\/\/www.vaccination-info.be\/la-vaccination-contre-le-papillomavirus-humain-hpv-une-vaccination-pour-tous\/\">https:\/\/www.vaccination-info.be\/la-vaccination-contre-le-papillomavirus-humain-hpv-une-vaccination-pour-tous\/<\/a>. Last access: 02\/2025.    <\/li>\n\n\n\n<li>\n    Hartwig S. et al. Estimation of the epidemiological burden of HPV-related anogenital cancers, precancerous lesions, and genital warts in women and men in Europe: potential additional benefit of a nine-valent second generation HPV vaccine compared to first generation HPV vaccines. Papillomavirus Res. 2015;1:90\u2013100.    <\/li>\n\n\n\n<li>\n    INAMI: Variations de pratiques m\u00e9dicales. Rapport Col de l\u2019ut\u00e9rus, conisations. https:\/\/www.belgiqueenbonnesante.be\/images\/INAMI\/Rapports\/RAPPORT-FR-Col_de_luterus_conisation_Femmes_2023.pdf. Last acccess: 02\/2025.    <\/li>\n\n\n\n<li>\n    Tjalma W. AA. et al. If prophylactic HPV vaccination is considered in a woman with CIN2+, what is the value and should it be given before or after the surgical treatment? Eur Journ Obst &amp; Gyn &amp; Reproduct Biology. 2022;98\u2013101.    <\/li>\n\n\n\n<li>\n    Weaver BA. Epidemiology and Natural History of Genital Human Papillomavirus Infection. J Am Osteopath Assoc. 2006;106:S2\u20138.    <\/li>\n\n\n\n<li>\n    Bruni, Laia et al. \u201cGlobal and regional estimates of genital human papillomavirus prevalence among men: a systematic review and meta-analysis.\u201d The Lancet. Global health vol. 11,9 (2023): e1345-e1362.    <\/li>\n\n\n\n<li>\n    ICO\/IARC Information Centre on HPV and Cancer. Luxembourg Human Papillomavirus and Related Cancers, Fact Sheet 2023 (2023-03-10)    <\/li>\n\n<\/ol>\n\n        <\/div>\n    <\/div>\n<\/section>\n\n<\/div>\n\n\n<hr class=\"mh-spacer mh-spacer--99f05e4356b93b13b637e0cdeb95111b\" aria-hidden=\"true\" \/>\n\n\n<div class=\"mh-element mh-element--1c2f160961139fb4def29dce41dcdf8d mh-element--align-full\">\n    <div class=\"mh-container\">\n        \n<div class=\"mh-columns mh-column--2aad5c47b911e396bfd993f16223d843 mh-columns--gutter-m\">\n    <div class=\"mh-columns-inner\">\n        \n<div class=\"mh-column mh-column--12932c51a7c0a1a7b496393e5e50cc56 mh-column--12 mh-column--m-6 mh-column--l-3\">\n    \n    <figure class=\"mh-image mh-image--67004d3e141974f10740d4623eb50d18\" >\n                            <img decoding=\"async\"\n        class=\"\"\n        src=\"https:\/\/www.hpvinfo.lu\/de\/wp-content\/uploads\/sites\/559\/2025\/01\/HPVfoundation_LOGO_black_de_250.png?w=250\"\n        width=\"250\"\n        height=\"52\"\n        loading=\"lazy\"\n        alt=\"\"\n            \/>\n                        <\/figure>\n\n\n<hr class=\"mh-spacer mh-spacer--18ed09467a8ca8e30235f223abff62e2\" aria-hidden=\"true\" \/>\n\n\n\n<p\n    class=\"mh-paragraph mh-paragraph--e4d80641e271643402ada36b23c7091d\"\n    >\n    Diese Website hat den Zweck, Sie \u00fcber humane Papillomviren zu informieren. F\u00fcr weitere Informationen sprechen Sie mit Ihrem Arzt oder Apotheker.<br \/>\n<\/p>\n\n<\/div>\n\n\n<div class=\"mh-column mh-column--fa352165e41ebad944a1e47e51b128fd mh-column--12 mh-column--m-6 mh-column--l-3\">\n    \n\n<p\n    class=\"mh-paragraph mh-paragraph--9963f5ee17b83a97d64194c78241d3b6\"\n    >\n    <a href=\"\/de\/das-virus\">Das Virus<\/a><br \/>\n<a href=\"\/de\/folgen\/\">Die Folgen<br \/>\n<\/a><a href=\"\/de\/schutz\">Der Schutz<\/a><br \/>\n<a href=\"\/de\/impfung\/\">Die Impfung<\/a><br \/>\n<a href=\"\/de\/screening-2\/\">Das Screening<br \/>\n<\/a><a href=\"\/de\/fur-eltern\/\">F\u00fcr Eltern<br \/>\n<\/a><a href=\"\/de\/hpv-sehr-weit-verbreitet-oft-unterschatzt\/\">F\u00fcr Frauen<br \/>\n<\/a><a href=\"\/de\/fur-manner\/\">F\u00fcr M\u00e4nner<\/a><\/p>\n\n<\/div>\n\n\n<div class=\"mh-column mh-column--61caa85e68f43a1e9728679a48be1d01 mh-column--12 mh-column--m-6 mh-column--l-3\">\n    \n\n<p\n    class=\"mh-paragraph mh-paragraph--f3671c77f99aa642dfb2e2bf89af531f\"\n    >\n    <a href=\"https:\/\/www.msd-belgium.be\/en\/disclaimer\/\">Allgemeine Gesch\u00e4ftsbedingungen<br \/>\n<\/a><a href=\"https:\/\/www.msdprivacy.com\/be\/fra\/\">Datenschutzerkl\u00e4rung<\/a><br \/>\n<a href=\"mailto:dpoc_belux@msd.com\">Kontaktieren Sie uns<br \/>\nArzneimittel\u00fcberwachung<\/a><br \/>\n<a href=\"https:\/\/www.msdaccessibility.com\/\">Barrierefreiheit<\/a><\/p>\n\n\n    <figure class=\"mh-image mh-image--6e3e6c2974d6ae03616197474706adc5\" >\n                        <a\n        class=\"mh-anchor-for-image\"\n        href=\"https:\/\/www.essentialaccessibility.com\/msd\"\n        rel=\"\"\n        target=\"\"\n    >\n            <img decoding=\"async\"\n        class=\"\"\n        src=\"https:\/\/www.hpvinfo.lu\/de\/wp-content\/uploads\/sites\/559\/2024\/02\/ea-icon_75.png?w=75\"\n        width=\"75\"\n        height=\"29\"\n        loading=\"lazy\"\n        alt=\"Essential Accessibility\"\n            \/>\n        <\/a>\n                    <\/figure>\n\n<\/div>\n\n\n<div class=\"mh-column mh-column--0038233011e76050f6b804d0e8f4282d mh-column--12 mh-column--m-6 mh-column--l-3\">\n    \n\n<p>\u00a9 MSD Luxembourg S.\u00e0.r.l.<br>Rue de l\u2019Industrie 11<br>L-8399 Windhof<br>\u00a9 Copyright 2025, all rights reserved<br><\/p>\n\n\n\n<p><br>LU-NON-00065<br>Date of last revision: 04\/2025<\/p>\n\n<\/div>\n\n    <\/div>\n<\/div>\n\n    <\/div>\n<\/div>\n","protected":false},"excerpt":{"rendered":"","protected":false},"author":173,"featured_media":0,"parent":0,"menu_order":0,"comment_status":"closed","ping_status":"closed","template":"blank-canvas-template.php","meta":{"_mh_page_language":"de_DE","_mh_page_is_rtl":false,"editor_notices":[],"footnotes":""},"class_list":["post-4296","page","type-page","status-publish","hentry"],"yoast_head":"<!-- This site is optimized with the Yoast SEO plugin v23.9 - https:\/\/yoast.com\/wordpress\/plugins\/seo\/ -->\n<title>Schutz - HPV Lux DE<\/title>\n<meta name=\"robots\" content=\"index, follow, max-snippet:-1, max-image-preview:large, max-video-preview:-1\" \/>\n<link rel=\"canonical\" href=\"https:\/\/www.hpvinfo.lu\/de\/schutz\/\" \/>\n<meta property=\"og:locale\" content=\"de_DE\" \/>\n<meta property=\"og:type\" content=\"article\" \/>\n<meta property=\"og:title\" content=\"Schutz - HPV Lux DE\" \/>\n<meta property=\"og:url\" content=\"https:\/\/www.hpvinfo.lu\/de\/schutz\/\" \/>\n<meta property=\"og:site_name\" content=\"HPV Lux DE\" \/>\n<meta property=\"article:modified_time\" content=\"2026-04-07T16:53:57+00:00\" \/>\n<meta name=\"twitter:card\" content=\"summary_large_image\" \/>\n<meta name=\"twitter:label1\" content=\"Gesch\u00e4tzte Lesezeit\" \/>\n\t<meta name=\"twitter:data1\" content=\"1 Minute\" \/>\n<script type=\"application\/ld+json\" class=\"yoast-schema-graph\">{\"@context\":\"https:\/\/schema.org\",\"@graph\":[{\"@type\":\"WebPage\",\"@id\":\"https:\/\/www.hpvinfo.lu\/de\/schutz\/\",\"url\":\"https:\/\/www.hpvinfo.lu\/de\/schutz\/\",\"name\":\"Schutz - HPV Lux DE\",\"isPartOf\":{\"@id\":\"https:\/\/www.hpvinfo.lu\/de\/#website\"},\"datePublished\":\"2022-01-18T12:27:32+00:00\",\"dateModified\":\"2026-04-07T16:53:57+00:00\",\"breadcrumb\":{\"@id\":\"https:\/\/www.hpvinfo.lu\/de\/schutz\/#breadcrumb\"},\"inLanguage\":\"de-DE\",\"potentialAction\":[{\"@type\":\"ReadAction\",\"target\":[\"https:\/\/www.hpvinfo.lu\/de\/schutz\/\"]}]},{\"@type\":\"BreadcrumbList\",\"@id\":\"https:\/\/www.hpvinfo.lu\/de\/schutz\/#breadcrumb\",\"itemListElement\":[{\"@type\":\"ListItem\",\"position\":1,\"name\":\"Home\",\"item\":\"https:\/\/www.hpvinfo.lu\/de\/\"},{\"@type\":\"ListItem\",\"position\":2,\"name\":\"Schutz\"}]},{\"@type\":\"WebSite\",\"@id\":\"https:\/\/www.hpvinfo.lu\/de\/#website\",\"url\":\"https:\/\/www.hpvinfo.lu\/de\/\",\"name\":\"HPV Lux DE\",\"description\":\"Consumer Activation\",\"potentialAction\":[{\"@type\":\"SearchAction\",\"target\":{\"@type\":\"EntryPoint\",\"urlTemplate\":\"https:\/\/www.hpvinfo.lu\/de\/?s={search_term_string}\"},\"query-input\":{\"@type\":\"PropertyValueSpecification\",\"valueRequired\":true,\"valueName\":\"search_term_string\"}}],\"inLanguage\":\"de-DE\"}]}<\/script>\n<!-- \/ Yoast SEO plugin. -->","yoast_head_json":{"title":"Schutz - HPV Lux DE","robots":{"index":"index","follow":"follow","max-snippet":"max-snippet:-1","max-image-preview":"max-image-preview:large","max-video-preview":"max-video-preview:-1"},"canonical":"https:\/\/www.hpvinfo.lu\/de\/schutz\/","og_locale":"de_DE","og_type":"article","og_title":"Schutz - HPV Lux DE","og_url":"https:\/\/www.hpvinfo.lu\/de\/schutz\/","og_site_name":"HPV Lux DE","article_modified_time":"2026-04-07T16:53:57+00:00","twitter_card":"summary_large_image","twitter_misc":{"Gesch\u00e4tzte Lesezeit":"1 Minute"},"schema":{"@context":"https:\/\/schema.org","@graph":[{"@type":"WebPage","@id":"https:\/\/www.hpvinfo.lu\/de\/schutz\/","url":"https:\/\/www.hpvinfo.lu\/de\/schutz\/","name":"Schutz - HPV Lux DE","isPartOf":{"@id":"https:\/\/www.hpvinfo.lu\/de\/#website"},"datePublished":"2022-01-18T12:27:32+00:00","dateModified":"2026-04-07T16:53:57+00:00","breadcrumb":{"@id":"https:\/\/www.hpvinfo.lu\/de\/schutz\/#breadcrumb"},"inLanguage":"de-DE","potentialAction":[{"@type":"ReadAction","target":["https:\/\/www.hpvinfo.lu\/de\/schutz\/"]}]},{"@type":"BreadcrumbList","@id":"https:\/\/www.hpvinfo.lu\/de\/schutz\/#breadcrumb","itemListElement":[{"@type":"ListItem","position":1,"name":"Home","item":"https:\/\/www.hpvinfo.lu\/de\/"},{"@type":"ListItem","position":2,"name":"Schutz"}]},{"@type":"WebSite","@id":"https:\/\/www.hpvinfo.lu\/de\/#website","url":"https:\/\/www.hpvinfo.lu\/de\/","name":"HPV Lux DE","description":"Consumer Activation","potentialAction":[{"@type":"SearchAction","target":{"@type":"EntryPoint","urlTemplate":"https:\/\/www.hpvinfo.lu\/de\/?s={search_term_string}"},"query-input":{"@type":"PropertyValueSpecification","valueRequired":true,"valueName":"search_term_string"}}],"inLanguage":"de-DE"}]}},"_links":{"self":[{"href":"https:\/\/www.hpvinfo.lu\/de\/wp-json\/wp\/v2\/pages\/4296","targetHints":{"allow":["GET"]}}],"collection":[{"href":"https:\/\/www.hpvinfo.lu\/de\/wp-json\/wp\/v2\/pages"}],"about":[{"href":"https:\/\/www.hpvinfo.lu\/de\/wp-json\/wp\/v2\/types\/page"}],"author":[{"embeddable":true,"href":"https:\/\/www.hpvinfo.lu\/de\/wp-json\/wp\/v2\/users\/173"}],"replies":[{"embeddable":true,"href":"https:\/\/www.hpvinfo.lu\/de\/wp-json\/wp\/v2\/comments?post=4296"}],"version-history":[{"count":21,"href":"https:\/\/www.hpvinfo.lu\/de\/wp-json\/wp\/v2\/pages\/4296\/revisions"}],"predecessor-version":[{"id":5364,"href":"https:\/\/www.hpvinfo.lu\/de\/wp-json\/wp\/v2\/pages\/4296\/revisions\/5364"}],"wp:attachment":[{"href":"https:\/\/www.hpvinfo.lu\/de\/wp-json\/wp\/v2\/media?parent=4296"}],"curies":[{"name":"wp","href":"https:\/\/api.w.org\/{rel}","templated":true}]}}