{"id":4309,"date":"2022-01-25T10:18:29","date_gmt":"2022-01-25T09:18:29","guid":{"rendered":"https:\/\/www.hpvinfo.be\/?page_id=307"},"modified":"2026-04-07T18:53:32","modified_gmt":"2026-04-07T16:53:32","slug":"screening-2","status":"publish","type":"page","link":"https:\/\/www.hpvinfo.lu\/de\/screening-2\/","title":{"rendered":"Screening"},"content":{"rendered":"\n<section class=\"mh-hero-5 mh-hero-5--hero-12 mh-hero-5--position-center-center mh-hero-5--13a9601f6624fbeb30a0691f0d43f3e7 mh-hero-5--align-full\">\n        <figure class=\"mh-hero-5__image mh-image mh-image--3ad0c43bbd6ce1b2485df91e8fc35885 with-aspect-ratio with-aspect-ratio--custom-only-large-screen\">\n        <div class=\"figure-outer\">\n            <div class=\"figure-inner\">\n                                            <img decoding=\"async\"\n        class=\"is-full-width\"\n        src=\"https:\/\/www.hpvinfo.lu\/de\/wp-content\/uploads\/sites\/559\/2024\/12\/header-depistage.png?w=1440\"\n        width=\"1440\"\n        height=\"579\"\n        loading=\"lazy\"\n        alt=\"\"\n            \/>\n                                <\/div>\n        <\/div>\n            <\/figure>\n    \n\n<article class='mh-hero-5-content mh-hero-5-content--26f1720f98b408277e740a483d597199 mh-hero-5-content--hero-12'>\n    \n<h2  class=\"mh-hero-5-content__title mh-heading mh-heading--left mh-heading--dc9de0f4ef16be72029806150e9238c6\"><em><strong>Wie kann das HPV nachgewiesen\u00a0werden?<\/strong><\/em><\/h2>\n\n\n<p\n    class=\"mh-hero-5-content__text mh-paragraph mh-paragraph--a2a2e0dcf39e70511db5ad4f969c3050\"\n    >\n    Es gibt HP-Viren-Tests f\u00fcr M\u00e4nner und Frauen, bei denen nach der DNA der Viren gesucht wird. Allerdings bedeutet ein positives Ergebnis keineswegs, dass man eine Vorstufe von Krebs oder sogar Krebs hat! Es weist somit nur die Viren nach, und kann dadurch bewusst machen, <strong>dass eine \u00dcbertragung auf Sexualpartner m\u00f6glich ist<\/strong>.<\/p>\n\n\n<div  class=\"mh-links mh-links--justified-start\">\n\n<a\n  class=\"mh-button mh-button--71696da22bbca9c01acccd4b7926d56d mh-button--custom mh-button--small mh-button--rounded\"\n  href=\"\/de\/schutz\/\"\n  target=\"_self\"\n  rel=\"\"\n      >\n\n      <span class=\"mh-anchor-label\">\n      <span class=\"\">Besserer Schutz f\u00fcr mich<\/span>    <\/span>\n      <\/a>\n\n\n<\/div>\n<\/article>\n\n<\/section>\n\n\n<hr class=\"mh-spacer mh-spacer--75ea2214b1e722e67d851d7feff08735\" aria-hidden=\"true\" \/>\n\n\n<h3  class=\"mh-heading mh-heading--center mh-heading--dae789eda0fb5127b9f3db5a712f3d7c\"><em><br \/>\n<br \/>\nRegelm\u00e4\u00dfige Abstriche bei Frauen <strong>sind die beste M\u00f6glichkeit<\/strong>, abnormale Zervixzellen fr\u00fchzeitig <\/em><strong><em>zu erkennen<\/em><\/strong><em> <strong>und zu behandeln,<\/strong> <strong>bevor sie sich zu Geb\u00e4rmutterhalskrebs entwickeln k\u00f6nnen<\/strong>.<\/em><\/h3>\n\n<hr class=\"mh-spacer mh-spacer--75ea2214b1e722e67d851d7feff08735\" aria-hidden=\"true\" \/>\n\n\n<div class=\"mh-columns mh-column--98743cae0adff847c68e3f94d3f02106 mh-columns--gutter-m\">\n    <div class=\"mh-columns-inner\">\n        \n<div class=\"mh-column mh-column--54e2a0a455de1e3431d0248e7f5200ec mh-column--12 mh-column--m-6 mh-column--l-6\">\n    \n    <figure class=\"mh-image mh-image--align-right mh-image--aa378aa873ea1aa8e9700ff015c2861e\" >\n                            <img decoding=\"async\"\n        class=\"\"\n        src=\"https:\/\/www.hpvinfo.lu\/de\/wp-content\/uploads\/sites\/559\/2024\/12\/Group-3-2.png?w=442\"\n        width=\"442\"\n        height=\"367\"\n        loading=\"lazy\"\n        alt=\"\"\n            \/>\n                        <\/figure>\n\n<\/div>\n\n\n<div class=\"mh-column mh-column--7096a73d88593af53c5ec861e73c429e mh-column--12 mh-column--m-6 mh-column--l-6\">\n    \n    <figure class=\"mh-image mh-image--79cc142f28a20cd5c9aec4bfddd21862\" >\n                        <a\n        class=\"mh-anchor-for-image\"\n        href=\"https:\/\/www.hpvinfo.be\/wp-content\/uploads\/sites\/123\/2023\/05\/HPV-patient-brochure-BE-NON-01446-FR.pdf\"\n        rel=\"noreferrer noopener\"\n        target=\"_blank\"\n    >\n            <img decoding=\"async\"\n        class=\"\"\n        src=\"https:\/\/www.hpvinfo.lu\/de\/wp-content\/uploads\/sites\/559\/2024\/08\/Vaccine.png?w=36\"\n        width=\"36\"\n        height=\"36\"\n        loading=\"lazy\"\n        alt=\"\"\n            \/>\n        <\/a>\n                    <\/figure>\n\n\n\n<p\n    class=\"mh-paragraph mh-paragraph--left mh-paragraph--fc6b5eff42599ef0d41ddab52050717d\"\n    >\n    <em>Der regelm\u00e4\u00dfige Abstrich ist eine sehr zuverl\u00e4ssige Methode.<\/em><\/p>\n\n\n\n<p class=\"has-text-color has-link-color wp-elements-0bf92ec9a6886f99ade9f052632d5ec0\" style=\"color:#36424a;font-size:20px;line-height:1.5\">Um eine HPV-Infektion bei Frauen und M\u00e4nnern zu erkennen, gibt es Tests, bei denen nach der DNA von HPV-Viren gesucht wird. Wenn ein solcher Test positiv ausf\u00e4llt, bedeutet dies jedoch nicht, dass man an einer Krebsvorstufe oder Krebs erkrankt ist! Es bedeutet lediglich, dass das Virus vorhanden ist und dasswir es auf unsere Sexualpartner \u00fcbertragen k\u00f6nnen.<br><br>In Luxemburg empfiehlt man allen Frauen ab 25 Jahre, regelm\u00e4\u00dfig mindestens einmal alle 3 Jahre einen Abstrich machen zu lassen. Der Abstrich wird von der CNS erstattet.<\/p>\n\n\n\n<p\n    class=\"mh-paragraph mh-paragraph--4331bd3de7b6e7ab839c9b2a9c77f246\"\n    >\n    <br><\/p>\n\n<\/div>\n\n    <\/div>\n<\/div>\n\n\n<hr class=\"mh-spacer mh-spacer--75ea2214b1e722e67d851d7feff08735\" aria-hidden=\"true\" \/>\n\n\n<div class=\"mh-columns mh-column--c2a00393c4cbc61ae1cfd69f911532c3 mh-columns--gutter-m\">\n    <div class=\"mh-columns-inner\">\n        \n<div class=\"mh-column mh-column--77784893b0e8e3e421db9fc2af575008 mh-column--12 mh-column--m-6 mh-column--l-6\">\n    \n    <figure class=\"mh-image mh-image--4be39b3889bbae33ad2c5ce2ac335b28\" >\n                        <a\n        class=\"mh-anchor-for-image\"\n        href=\"https:\/\/www.hpvinfo.be\/wp-content\/uploads\/sites\/123\/2023\/05\/HPV-patient-brochure-BE-NON-01446-FR.pdf\"\n        rel=\"noreferrer noopener\"\n        target=\"_blank\"\n    >\n            <img decoding=\"async\"\n        class=\"\"\n        src=\"https:\/\/www.hpvinfo.lu\/de\/wp-content\/uploads\/sites\/559\/2024\/12\/uterus.png?w=35\"\n        width=\"35\"\n        height=\"35\"\n        loading=\"lazy\"\n        alt=\"\"\n            \/>\n        <\/a>\n                    <\/figure>\n\n\n\n<p\n    class=\"mh-paragraph mh-paragraph--left mh-paragraph--144afd35844af3cfb1aafb43a6dd3cd4\"\n    >\n    <em>Ungef\u00e4hr 99% aller F\u00e4lle von Geb\u00e4rmutterhalskrebs wird durch HPV verursacht.<\/em><sup>3<\/sup><\/p>\n\n\n\n<p class=\"has-text-color has-link-color wp-elements-1981ed76dcf348d3417a8362bc42301a\" style=\"color:#36424a;font-size:20px;line-height:1.5\">Das Risiko von Geb\u00e4rmutterhalskrebs kann <strong>durch einen regelm\u00e4\u00dfigen Abstrich verringert werden<\/strong>. Mit einem speziellen Spatel oder einer kleinen B\u00fcrste entnimmt der Arzt Schleimhautzellen aus Vagina und Geb\u00e4rmutterhals. In einem Labor werden die Zellen analysiert. Das Screeningverfahren ist \u00fcberaus wichtig, da es dadurch zu einem R\u00fcckgang von 60 % der Todesf\u00e4lle kommen kann, die durch Geb\u00e4rmutterhalskrebs verursacht werden.<\/p>\n\n<\/div>\n\n\n<div class=\"mh-column mh-column--f3bd1dedfb2ca7737529cdc0833b2e1b mh-column--12 mh-column--m-6 mh-column--l-6\">\n    \n    <figure class=\"mh-image mh-image--align-right mh-image--d8297756dc340dbad208da62feadd9b3\" >\n                            <img decoding=\"async\"\n        class=\"\"\n        src=\"https:\/\/www.hpvinfo.lu\/de\/wp-content\/uploads\/sites\/559\/2024\/12\/Group-6-1-1.png?w=439\"\n        width=\"439\"\n        height=\"219\"\n        loading=\"lazy\"\n        alt=\"\"\n            \/>\n                        <\/figure>\n\n<\/div>\n\n    <\/div>\n<\/div>\n\n\n<hr class=\"mh-spacer mh-spacer--85980df04a0ef87e0c56b19c2aff191a\" aria-hidden=\"true\" \/>\n\n\n<div class=\"mh-element mh-element--c578cd84d34d56f09f2374e544950ced mh-element--align-full\">\n    <div class=\"mh-container\">\n        \n<div class=\"mh-columns mh-column--38268b281a8bdb10c1299d73dedfeb89 mh-columns--gutter-m\">\n    <div class=\"mh-columns-inner\">\n        \n<div class=\"mh-column mh-column--f34b02502be76bfc6d89f9b0e85310e0 mh-column--12 mh-column--m-6 mh-column--l-6\">\n    \n    <figure class=\"mh-image mh-image--77df8db90a0c88d19bfd81f09465fdf1\" >\n                            <img decoding=\"async\"\n        class=\"\"\n        src=\"https:\/\/www.hpvinfo.lu\/de\/wp-content\/uploads\/sites\/559\/2024\/02\/woman02.png?w=433\"\n        width=\"433\"\n        height=\"350\"\n        loading=\"lazy\"\n        alt=\"\"\n            \/>\n                        <\/figure>\n\n<\/div>\n\n\n<div class=\"mh-column mh-column--2715287605c4c1abed64f5dd8393f1fc mh-column--12 mh-column--m-6 mh-column--l-6\">\n    \n    <figure class=\"mh-image mh-image--align-left mh-image--e7278743362b674ac40c41f089c807bd\" >\n                        <a\n        class=\"mh-anchor-for-image\"\n        href=\"https:\/\/www.hpvinfo.be\/wp-content\/uploads\/sites\/123\/2023\/05\/HPV-patient-brochure-BE-NON-01446-FR.pdf\"\n        rel=\"noreferrer noopener\"\n        target=\"_blank\"\n    >\n            <img decoding=\"async\"\n        class=\"\"\n        src=\"https:\/\/www.hpvinfo.lu\/de\/wp-content\/uploads\/sites\/559\/2024\/02\/Stopwatch.png?w=37\"\n        width=\"37\"\n        height=\"37\"\n        loading=\"lazy\"\n        alt=\"\"\n            \/>\n        <\/a>\n                    <\/figure>\n\n\n\n<p\n    class=\"mh-paragraph mh-paragraph--8fd0007ad88ccd63c46d63150d9a0bf9\"\n    >\n    9 sekunden<\/p>\n\n\n\n<p\n    class=\"mh-paragraph mh-paragraph--left mh-paragraph--17d11bd7780cb3667ce9bde30564587a\"\n    >\n    <em>Sind Sie gef\u00e4hrdet? Machen Sie <strong>diesen Schnelltest und sprechen Sie mit Ihrem Arzt\/Ihrer \u00c4rztin<\/strong>.<\/em><\/p>\n\n\n\n<p style=\"font-size:20px;line-height:1.5\">Ihre aktive Beteiligung an der eigenen Gesundheitsvorsorge ist entscheidend.<br>F\u00fcllen Sie die Checkliste aus und nutzen Sie sie als Grundlage f\u00fcr <strong>das Gespr\u00e4ch mit Ihrem Hausarzt\/Ihrer Haus\u00e4rztin oder Gyn\u00e4kologen\/Gyn\u00e4kologin.<\/strong><\/p>\n\n\n<div  class=\"mh-links mh-links--justified-start\">\n\n<a\n  class=\"mh-button mh-button--bfc3777e36f43cc081feec972b866f6d mh-button--custom mh-button--small\"\n  href=\"\/de\/wp-content\/uploads\/sites\/559\/2025\/04\/Adult-Women-Form-DE-LUX.pdf\"\n  target=\"_blank\"\n  rel=\"noreferrer noopener\"\n      >\n\n      <span class=\"mh-anchor-label\">\n      <span class=\"\">\u00d6ffnen Sie die Checkliste<\/span>    <\/span>\n      <\/a>\n\n\n<\/div>\n<\/div>\n\n    <\/div>\n<\/div>\n\n    <\/div>\n<\/div>\n\n\n<hr class=\"mh-spacer mh-spacer--44fc9a8b7ed1fb635c951c24d5f732b7\" aria-hidden=\"true\" \/>\n\n\n<hr class=\"mh-separator mh-separator--c28ee33dacd7319c58081ac2d4b157d7\" aria-hidden=\"true\" \/>\n\n\n\n<p\n    class=\"mh-paragraph mh-paragraph--59c292f55e8e4c0449b9cd4d9a6a9259\"\n    >\n    DNA = Desoxyribonukleins\u00e4ure, ein biologisches Makromolek\u00fcl, das die gesamte genetische Information enth\u00e4lt<\/p>\n\n\n\n<p\n    class=\"mh-paragraph mh-paragraph--708ff2a175f6df60b30c7723cc6fddeb\"\n    >\n    HPV = Humanes Papillomavirus<\/p>\n\n\n\n<p\n    class=\"mh-paragraph mh-paragraph--692a19b618e0becb8582410d4948c6a2\"\n    >\n    STI = sexuell \u00fcbertragbare Infektionen<\/p>\n\n\n<div class=\"mh-accordion mh-accordion--a292a4ed9a5efb7b2ebf9aeb9fbec2e4 mh-accordion--default\" data-configuration=\"{&quot;variation&quot;:&quot;default&quot;,&quot;speed&quot;:250}\">\n    \n\n<section class=\"mh-accordion-molecule mh-accordion-molecule--bf39f68c77a6a3cb901f94fa387881db mh-accordion-molecule--closed\"  >\n    <header class=\"mh-accordion-molecule-header\">\n                <h4 class=\"mh-accordion-molecule-header__heading\">\n            <button class=\"mh-accordion-molecule-header__heading-trigger\" aria-expanded=\"false\" type=\"button\">\n                Referenzen :            <\/button>\n        <\/h4>\n        <span class=\"mh-accordion-molecule-header__icon-dropdown\">\n            \n<svg width=\"1em\" height=\"1em\" class=\"mh-icon mh-icon--kind-generic mh-icon--name-dropdown-arrow mh-icon--dropdown-arrow\" role=\"img\" aria-hidden=\"true\">\n    \n    \n    <use xlink:href=\"https:\/\/www.hpvinfo.lu\/de\/wp-content\/themes\/cex-wpvip-mh-theme-3.1\/modules\/theme\/resources\/icons\/svg\/generic\/dropdown-arrow.svg#dropdown-arrow\"><\/use>\n<\/svg>\n        <\/span>\n    <\/header>\n    <div class=\"mh-accordion-molecule-content\">\n        <div class=\"mh-accordion-molecule-content__body\">\n            \n\n<ol class=\"mh-v2-clist mh-v2-clist--4c1846f2b95251bb827856d5752c5a5e mh-v2-clist--line\"  >\n\n\n<li>\n    Chesson HW et al. The estimated lifetime probability of acquiring human papillomavirus in the US. Sex Transm Dis 2014;11:660-664.    <\/li>\n\n\n\n<li>\n    Shi R et al. BMC Res Notes. 2014;7:544;Factors associated with genital human papillomavirus infection among adult females in the United States, NHANES 2007-2010.    <\/li>\n\n\n\n<li>\n    Conseil Sup\u00e9rieur de la Sant\u00e9. Vaccination contre les infections caus\u00e9es par le papillomavirus humain. Bruxelles : CSS; 2017. Avis n\u00b0 9181.    <\/li>\n\n\n\n<li>\n    <a href=\"https:\/\/www.sciensano.be\/sites\/default\/files\/hpv_primaire_communication_fr_20241101_sciensano_1.pdf\">https:\/\/www.sciensano.be\/sites\/default\/files\/hpv_primaire_communication_fr_20241101_sciensano_1.pdf<\/a>. Last access: 02\/2025.    <\/li>\n\n\n\n<li>\n    Hartwig S. et al. Estimation of the overall burden of cancers, precancerous lesions, and genital warts attributable to 9-valent HPV vaccine types in women and men in Europe. Infect Agent Cancer. 2017;12:19 (Annex 1&amp;2).    <\/li>\n\n\n\n<li>\n    Hartwig S. et al. Estimation of the epidemiological burden of HPV-related anogenital cancers, precancerous lesions, and genital warts in women and men in Europe: potential additional benefit of a nine-valent second gene-ration HPV vaccine compared to first generation HPV vaccines. Papillomavirus Res. 2015;1:90\u2013100 (Annex 3).    <\/li>\n\n\n\n<li>\n    IARC report: <a href=\"https:\/\/hpvcentre.net\/statistics\/reports\/BEL.pdf?t=1701719033972\">https:\/\/hpvcentre.net\/statistics\/reports\/BEL.pdf?t=1701719033972<\/a>. Last access: 02\/2025.    <\/li>\n\n\n\n<li>\n    ECDC 2020. Guidance on HPV vaccination in EU countries: focus on boys, people living with HIV and 9-valent HPV vaccine introduction (europa.eu). Last access: 02\/2025.    <\/li>\n\n\n\n<li>\n    Satterwhite CL et al. Sexually transmitted infections among US women and men: pre-valence and incidence estimates, 2008. Sex Transm Dis 2013;40:187\u201393.    <\/li>\n\n\n\n<li>\n    Woodman C. et al. The natural history of cervical HPV infection: unresolved issues. Nat Rev Cancer. 2007;7:11\u201322.    <\/li>\n\n\n\n<li>\n    <a href=\"https:\/\/www.vaccination-info.be\/la-vaccination-contre-le-papillomavirus-humain-hpv-une-vaccination-pour-tous\/\">https:\/\/www.vaccination-info.be\/la-vaccination-contre-le-papillomavirus-humain-hpv-une-vaccination-pour-tous\/<\/a>. Last access: 02\/2025.    <\/li>\n\n\n\n<li>\n    Hartwig S. et al. Estimation of the epidemiological burden of HPV-related anogenital cancers, precancerous lesions, and genital warts in women and men in Europe: potential additional benefit of a nine-valent second generation HPV vaccine compared to first generation HPV vaccines. Papillomavirus Res. 2015;1:90\u2013100.    <\/li>\n\n\n\n<li>\n    INAMI: Variations de pratiques m\u00e9dicales. Rapport Col de l\u2019ut\u00e9rus, conisations. https:\/\/www.belgiqueenbonnesante.be\/images\/INAMI\/Rapports\/RAPPORT-FR-Col_de_luterus_conisation_Femmes_2023.pdf. Last acccess: 02\/2025.    <\/li>\n\n\n\n<li>\n    Tjalma W. AA. et al. If prophylactic HPV vaccination is considered in a woman with CIN2+, what is the value and should it be given before or after the surgical treatment? Eur Journ Obst &amp; Gyn &amp; Reproduct Biology. 2022;98\u2013101.    <\/li>\n\n\n\n<li>\n    Weaver BA. Epidemiology and Natural History of Genital Human Papillomavirus Infection. J Am Osteopath Assoc. 2006;106:S2\u20138.    <\/li>\n\n\n\n<li>\n    Bruni, Laia et al. \u201cGlobal and regional estimates of genital human papillomavirus prevalence among men: a systematic review and meta-analysis.\u201d The Lancet. Global health vol. 11,9 (2023): e1345-e1362.    <\/li>\n\n\n\n<li>\n    ICO\/IARC Information Centre on HPV and Cancer. Luxembourg Human Papillomavirus and Related Cancers, Fact Sheet 2023 (2023-03-10)    <\/li>\n\n<\/ol>\n\n        <\/div>\n    <\/div>\n<\/section>\n\n<\/div>\n\n\n<hr class=\"mh-spacer mh-spacer--99f05e4356b93b13b637e0cdeb95111b\" aria-hidden=\"true\" \/>\n\n\n<div class=\"mh-element mh-element--1c2f160961139fb4def29dce41dcdf8d mh-element--align-full\">\n    <div class=\"mh-container\">\n        \n<div class=\"mh-columns mh-column--2aad5c47b911e396bfd993f16223d843 mh-columns--gutter-m\">\n    <div class=\"mh-columns-inner\">\n        \n<div class=\"mh-column mh-column--12932c51a7c0a1a7b496393e5e50cc56 mh-column--12 mh-column--m-6 mh-column--l-3\">\n    \n    <figure class=\"mh-image mh-image--67004d3e141974f10740d4623eb50d18\" >\n                            <img decoding=\"async\"\n        class=\"\"\n        src=\"https:\/\/www.hpvinfo.lu\/de\/wp-content\/uploads\/sites\/559\/2025\/01\/HPVfoundation_LOGO_black_de_250.png?w=250\"\n        width=\"250\"\n        height=\"52\"\n        loading=\"lazy\"\n        alt=\"\"\n            \/>\n                        <\/figure>\n\n\n<hr class=\"mh-spacer mh-spacer--18ed09467a8ca8e30235f223abff62e2\" aria-hidden=\"true\" \/>\n\n\n\n<p\n    class=\"mh-paragraph mh-paragraph--e4d80641e271643402ada36b23c7091d\"\n    >\n    Diese Website hat den Zweck, Sie \u00fcber humane Papillomviren zu informieren. F\u00fcr weitere Informationen sprechen Sie mit Ihrem Arzt oder Apotheker.<br \/>\n<\/p>\n\n<\/div>\n\n\n<div class=\"mh-column mh-column--fa352165e41ebad944a1e47e51b128fd mh-column--12 mh-column--m-6 mh-column--l-3\">\n    \n\n<p\n    class=\"mh-paragraph mh-paragraph--9963f5ee17b83a97d64194c78241d3b6\"\n    >\n    <a href=\"\/de\/das-virus\">Das Virus<\/a><br \/>\n<a href=\"\/de\/folgen\/\">Die Folgen<br \/>\n<\/a><a href=\"\/de\/schutz\">Der Schutz<\/a><br \/>\n<a href=\"\/de\/impfung\/\">Die Impfung<\/a><br \/>\n<a href=\"\/de\/screening-2\/\">Das Screening<br \/>\n<\/a><a href=\"\/de\/fur-eltern\/\">F\u00fcr Eltern<br \/>\n<\/a><a href=\"\/de\/hpv-sehr-weit-verbreitet-oft-unterschatzt\/\">F\u00fcr Frauen<br \/>\n<\/a><a href=\"\/de\/fur-manner\/\">F\u00fcr M\u00e4nner<\/a><\/p>\n\n<\/div>\n\n\n<div class=\"mh-column mh-column--61caa85e68f43a1e9728679a48be1d01 mh-column--12 mh-column--m-6 mh-column--l-3\">\n    \n\n<p\n    class=\"mh-paragraph mh-paragraph--f3671c77f99aa642dfb2e2bf89af531f\"\n    >\n    <a href=\"https:\/\/www.msd-belgium.be\/en\/disclaimer\/\">Allgemeine Gesch\u00e4ftsbedingungen<br \/>\n<\/a><a href=\"https:\/\/www.msdprivacy.com\/be\/fra\/\">Datenschutzerkl\u00e4rung<\/a><br \/>\n<a href=\"mailto:dpoc_belux@msd.com\">Kontaktieren Sie uns<br \/>\nArzneimittel\u00fcberwachung<\/a><br \/>\n<a href=\"https:\/\/www.msdaccessibility.com\/\">Barrierefreiheit<\/a><\/p>\n\n\n    <figure class=\"mh-image mh-image--6e3e6c2974d6ae03616197474706adc5\" >\n                        <a\n        class=\"mh-anchor-for-image\"\n        href=\"https:\/\/www.essentialaccessibility.com\/msd\"\n        rel=\"\"\n        target=\"\"\n    >\n            <img decoding=\"async\"\n        class=\"\"\n        src=\"https:\/\/www.hpvinfo.lu\/de\/wp-content\/uploads\/sites\/559\/2024\/02\/ea-icon_75.png?w=75\"\n        width=\"75\"\n        height=\"29\"\n        loading=\"lazy\"\n        alt=\"Essential Accessibility\"\n            \/>\n        <\/a>\n                    <\/figure>\n\n<\/div>\n\n\n<div class=\"mh-column mh-column--0038233011e76050f6b804d0e8f4282d mh-column--12 mh-column--m-6 mh-column--l-3\">\n    \n\n<p>\u00a9 MSD Luxembourg S.\u00e0.r.l.<br>Rue de l\u2019Industrie 11<br>L-8399 Windhof<br>\u00a9 Copyright 2025, all rights reserved<br><\/p>\n\n\n\n<p><br>LU-NON-00065<br>Date of last revision: 04\/2025<\/p>\n\n<\/div>\n\n    <\/div>\n<\/div>\n\n    <\/div>\n<\/div>\n","protected":false},"excerpt":{"rendered":"","protected":false},"author":173,"featured_media":0,"parent":0,"menu_order":0,"comment_status":"closed","ping_status":"closed","template":"blank-canvas-template.php","meta":{"_mh_page_language":"de_DE","_mh_page_is_rtl":false,"editor_notices":[],"footnotes":""},"class_list":["post-4309","page","type-page","status-publish","hentry"],"yoast_head":"<!-- This site is optimized with the Yoast SEO plugin v23.9 - https:\/\/yoast.com\/wordpress\/plugins\/seo\/ -->\n<title>Screening - HPV Lux DE<\/title>\n<meta name=\"robots\" content=\"index, follow, max-snippet:-1, max-image-preview:large, max-video-preview:-1\" \/>\n<link rel=\"canonical\" href=\"https:\/\/www.hpvinfo.lu\/de\/screening-2\/\" \/>\n<meta property=\"og:locale\" content=\"de_DE\" \/>\n<meta property=\"og:type\" content=\"article\" \/>\n<meta property=\"og:title\" content=\"Screening - HPV Lux DE\" \/>\n<meta property=\"og:url\" content=\"https:\/\/www.hpvinfo.lu\/de\/screening-2\/\" \/>\n<meta property=\"og:site_name\" content=\"HPV Lux DE\" \/>\n<meta property=\"article:modified_time\" content=\"2026-04-07T16:53:32+00:00\" \/>\n<meta name=\"twitter:card\" content=\"summary_large_image\" \/>\n<meta name=\"twitter:label1\" content=\"Gesch\u00e4tzte Lesezeit\" \/>\n\t<meta name=\"twitter:data1\" content=\"3 Minuten\" \/>\n<script type=\"application\/ld+json\" class=\"yoast-schema-graph\">{\"@context\":\"https:\/\/schema.org\",\"@graph\":[{\"@type\":\"WebPage\",\"@id\":\"https:\/\/www.hpvinfo.lu\/de\/screening-2\/\",\"url\":\"https:\/\/www.hpvinfo.lu\/de\/screening-2\/\",\"name\":\"Screening - HPV Lux DE\",\"isPartOf\":{\"@id\":\"https:\/\/www.hpvinfo.lu\/de\/#website\"},\"datePublished\":\"2022-01-25T09:18:29+00:00\",\"dateModified\":\"2026-04-07T16:53:32+00:00\",\"breadcrumb\":{\"@id\":\"https:\/\/www.hpvinfo.lu\/de\/screening-2\/#breadcrumb\"},\"inLanguage\":\"de-DE\",\"potentialAction\":[{\"@type\":\"ReadAction\",\"target\":[\"https:\/\/www.hpvinfo.lu\/de\/screening-2\/\"]}]},{\"@type\":\"BreadcrumbList\",\"@id\":\"https:\/\/www.hpvinfo.lu\/de\/screening-2\/#breadcrumb\",\"itemListElement\":[{\"@type\":\"ListItem\",\"position\":1,\"name\":\"Home\",\"item\":\"https:\/\/www.hpvinfo.lu\/de\/\"},{\"@type\":\"ListItem\",\"position\":2,\"name\":\"Screening\"}]},{\"@type\":\"WebSite\",\"@id\":\"https:\/\/www.hpvinfo.lu\/de\/#website\",\"url\":\"https:\/\/www.hpvinfo.lu\/de\/\",\"name\":\"HPV Lux DE\",\"description\":\"Consumer Activation\",\"potentialAction\":[{\"@type\":\"SearchAction\",\"target\":{\"@type\":\"EntryPoint\",\"urlTemplate\":\"https:\/\/www.hpvinfo.lu\/de\/?s={search_term_string}\"},\"query-input\":{\"@type\":\"PropertyValueSpecification\",\"valueRequired\":true,\"valueName\":\"search_term_string\"}}],\"inLanguage\":\"de-DE\"}]}<\/script>\n<!-- \/ Yoast SEO plugin. -->","yoast_head_json":{"title":"Screening - HPV Lux DE","robots":{"index":"index","follow":"follow","max-snippet":"max-snippet:-1","max-image-preview":"max-image-preview:large","max-video-preview":"max-video-preview:-1"},"canonical":"https:\/\/www.hpvinfo.lu\/de\/screening-2\/","og_locale":"de_DE","og_type":"article","og_title":"Screening - HPV Lux DE","og_url":"https:\/\/www.hpvinfo.lu\/de\/screening-2\/","og_site_name":"HPV Lux DE","article_modified_time":"2026-04-07T16:53:32+00:00","twitter_card":"summary_large_image","twitter_misc":{"Gesch\u00e4tzte Lesezeit":"3 Minuten"},"schema":{"@context":"https:\/\/schema.org","@graph":[{"@type":"WebPage","@id":"https:\/\/www.hpvinfo.lu\/de\/screening-2\/","url":"https:\/\/www.hpvinfo.lu\/de\/screening-2\/","name":"Screening - HPV Lux DE","isPartOf":{"@id":"https:\/\/www.hpvinfo.lu\/de\/#website"},"datePublished":"2022-01-25T09:18:29+00:00","dateModified":"2026-04-07T16:53:32+00:00","breadcrumb":{"@id":"https:\/\/www.hpvinfo.lu\/de\/screening-2\/#breadcrumb"},"inLanguage":"de-DE","potentialAction":[{"@type":"ReadAction","target":["https:\/\/www.hpvinfo.lu\/de\/screening-2\/"]}]},{"@type":"BreadcrumbList","@id":"https:\/\/www.hpvinfo.lu\/de\/screening-2\/#breadcrumb","itemListElement":[{"@type":"ListItem","position":1,"name":"Home","item":"https:\/\/www.hpvinfo.lu\/de\/"},{"@type":"ListItem","position":2,"name":"Screening"}]},{"@type":"WebSite","@id":"https:\/\/www.hpvinfo.lu\/de\/#website","url":"https:\/\/www.hpvinfo.lu\/de\/","name":"HPV Lux DE","description":"Consumer Activation","potentialAction":[{"@type":"SearchAction","target":{"@type":"EntryPoint","urlTemplate":"https:\/\/www.hpvinfo.lu\/de\/?s={search_term_string}"},"query-input":{"@type":"PropertyValueSpecification","valueRequired":true,"valueName":"search_term_string"}}],"inLanguage":"de-DE"}]}},"_links":{"self":[{"href":"https:\/\/www.hpvinfo.lu\/de\/wp-json\/wp\/v2\/pages\/4309","targetHints":{"allow":["GET"]}}],"collection":[{"href":"https:\/\/www.hpvinfo.lu\/de\/wp-json\/wp\/v2\/pages"}],"about":[{"href":"https:\/\/www.hpvinfo.lu\/de\/wp-json\/wp\/v2\/types\/page"}],"author":[{"embeddable":true,"href":"https:\/\/www.hpvinfo.lu\/de\/wp-json\/wp\/v2\/users\/173"}],"replies":[{"embeddable":true,"href":"https:\/\/www.hpvinfo.lu\/de\/wp-json\/wp\/v2\/comments?post=4309"}],"version-history":[{"count":25,"href":"https:\/\/www.hpvinfo.lu\/de\/wp-json\/wp\/v2\/pages\/4309\/revisions"}],"predecessor-version":[{"id":5447,"href":"https:\/\/www.hpvinfo.lu\/de\/wp-json\/wp\/v2\/pages\/4309\/revisions\/5447"}],"wp:attachment":[{"href":"https:\/\/www.hpvinfo.lu\/de\/wp-json\/wp\/v2\/media?parent=4309"}],"curies":[{"name":"wp","href":"https:\/\/api.w.org\/{rel}","templated":true}]}}