{"id":4322,"date":"2024-08-23T13:13:23","date_gmt":"2024-08-23T11:13:23","guid":{"rendered":"https:\/\/www.hpvinfo.be\/?page_id=1334"},"modified":"2026-04-07T18:54:37","modified_gmt":"2026-04-07T16:54:37","slug":"fur-eltern","status":"publish","type":"page","link":"https:\/\/www.hpvinfo.lu\/de\/fur-eltern\/","title":{"rendered":"F\u00fcr Eltern"},"content":{"rendered":"\n<section class=\"mh-hero-5 mh-hero-5--default mh-hero-5--position-center-left mh-hero-5--47f9f4944a92655f39ad5addff6cf903 mh-hero-5--align-full\">\n        <figure class=\"mh-hero-5__image mh-image mh-image--2f62bec90216f0ff69a757715388179e with-aspect-ratio with-aspect-ratio--custom-only-large-screen\">\n        <div class=\"figure-outer\">\n            <div class=\"figure-inner\">\n                                            <img decoding=\"async\"\n        class=\"is-full-width\"\n        src=\"https:\/\/www.hpvinfo.lu\/de\/wp-content\/uploads\/sites\/559\/2024\/08\/hpv-for-parents-banner.jpg?w=1440\"\n        width=\"1440\"\n        height=\"545\"\n        loading=\"lazy\"\n        alt=\"\"\n            \/>\n                                <\/div>\n        <\/div>\n            <\/figure>\n    \n\n<article class='mh-hero-5-content mh-hero-5-content--db5c84b1a2581743b9d9cb919ab58237 mh-hero-5-content--default'>\n    \n<div  class=\"mh-links mh-links--justified-center\">\n\n<a\n  class=\"mh-button mh-button--center mh-button--100bab234ff485a66f043937acb481a9 mh-button--custom mh-button--small mh-button--rounded\"\n  href=\"#\"\n  target=\"_self\"\n  rel=\"\"\n      >\n\n      <span class=\"mh-anchor-label\">\n      <span class=\"\">HPV bei Teenagern<\/span>    <\/span>\n      <\/a>\n\n\n<\/div>\n\n\n<p\n    class=\"mh-paragraph mh-paragraph--126be0df7bd6915f1011d35e3300d2f9\"\n    >\n     <\/p>\n\n\n<h1  class=\"mh-hero-5-content__title mh-heading mh-heading--center mh-heading--ba767b267f812e27682ffd63bb3f9972\"><em><strong>Teenager sind gef\u00e4hrdet.<span lang=\"NL-BE\"><\/span><br \/>\n<\/strong>Was k\u00f6nnen Eltern tun?<\/em><\/h1>\n\n\n<p\n    class=\"mh-hero-5-content__text mh-paragraph mh-paragraph--center mh-paragraph--align-left mh-paragraph--e0f080cc6ce940d0ebbfaa37a194b976\"\n    >\n    Als Eltern m\u00f6chten Sie <strong>vor allem verhindern, dass Ihre Kinder krank werden<br \/>\noder einem Krankheitsrisiko ausgesetzt sind<\/strong>. Je besser Sie die Gesundheitsrisiken Ihrer Kinder kennen, <strong>desto besser k\u00f6nnen Sie sie sch\u00fctzen<\/strong>.<\/p>\n\n\n\n<p\n    class=\"mh-hero-5-content__text mh-paragraph mh-paragraph--center mh-paragraph--align-left mh-paragraph--6e7f0dd7470feb27f0ecda1997a55d95\"\n    >\n    Das humane Papillomavirus (HPV) kann bei Jungen und M\u00e4dchen schwere anogenitale Krebserkrankungen und Genitalwarzen verursachen. Normalerweise verschwindet eine HPV-Infektion spontan, aber es l\u00e4sst sich nicht vorhersagen, bei welchen Personen sich eine HPV-Infektion zu Krebs entwickelt.<sup>3<\/sup><\/p>\n\n<\/article>\n\n<\/section>\n\n\n<hr class=\"mh-spacer mh-spacer--7f838a2a97e108c00a1d9cc19ca8d0d2\" aria-hidden=\"true\" \/>\n\n\n\n<p\n    class=\"mh-paragraph mh-paragraph--center mh-paragraph--7bb3b12873e229d84ba4898b3fea5c24\"\n    >\n    <em>Erster Schritt zum Schutz Ihrer Kinder vor HPV: <strong>gut informiert sein<\/strong>.<\/em><\/p>\n\n\n<hr class=\"mh-spacer mh-spacer--14e6dfa9f42bbb626f8b483b526e7f84\" aria-hidden=\"true\" \/>\n\n\n<div class=\"mh-columns mh-column--b66240deb911f6678923fc00ae035f1d mh-columns--gutter-m\">\n    <div class=\"mh-columns-inner\">\n        \n<div class=\"mh-column mh-column--3b7ab884ba6df2350073cd1cac5ae88e mh-column--12 mh-column--m-5 mh-column--l-5\">\n    \n    <figure class=\"mh-image mh-image--4b63a00ac652ac7cf9fe6cb516be040c\" >\n                            <img decoding=\"async\"\n        class=\"\"\n        src=\"https:\/\/www.hpvinfo.lu\/de\/wp-content\/uploads\/sites\/559\/2024\/08\/Group-4.png?w=442\"\n        width=\"442\"\n        height=\"367\"\n        loading=\"lazy\"\n        alt=\"\"\n            \/>\n                        <\/figure>\n\n<\/div>\n\n\n<div class=\"mh-column mh-column--da76db79b7709cd7a5038d7f630d3462 mh-column--12 mh-column--m-7 mh-column--l-7\">\n    \n    <figure class=\"mh-image mh-image--align-left mh-image--2482a50e749c3cad1af9034f83d93b3e\" >\n                        <a\n        class=\"mh-anchor-for-image\"\n        href=\"https:\/\/www.hpvinfo.be\/wp-content\/uploads\/sites\/123\/2023\/05\/HPV-patient-brochure-BE-NON-01446-FR.pdf\"\n        rel=\"noreferrer noopener\"\n        target=\"_blank\"\n    >\n            <img decoding=\"async\"\n        class=\"\"\n        src=\"https:\/\/www.hpvinfo.lu\/de\/wp-content\/uploads\/sites\/559\/2024\/08\/Vaccine.png?w=36\"\n        width=\"36\"\n        height=\"36\"\n        loading=\"lazy\"\n        alt=\"\"\n            \/>\n        <\/a>\n                    <\/figure>\n\n\n\n<p\n    class=\"mh-paragraph mh-paragraph--7dbe88b5c9a3785691ae7334b0ae3e0a\"\n    >\n     <\/p>\n\n\n\n<p\n    class=\"mh-paragraph mh-paragraph--left mh-paragraph--eb7b9b2d82e7d0f53cbd8b2ff1773b63\"\n    >\n    <em>Was kann man zum Schutz seiner Kinder tun?<\/em><\/p>\n\n\n\n<p style=\"font-size:18px\">Es ist wichtig, dass Sie als Eltern mit Ihren Kindern \u00fcber Sexualit\u00e4t und die m\u00f6glichen Risiken sprechen k\u00f6nnen. W\u00e4hlen Sie den richtigen Zeitpunkt und verwenden Sie Formulierungen, mit denen Sie sich wohlf\u00fchlen.<\/p>\n\n\n\n<p style=\"font-size:18px\">Schlagen Sie ihnen vor, Kondome zu kaufen.<br>Schlagen Sie Ihnen einen Besuch beim Arzt oder Gyn\u00e4kologen vor&#8230; um ein Verh\u00fctungsmittel zu verschreiben.<br><br>Sprechen Sie mit ihnen \u00fcber sexuell \u00fcbertragbare Infektionen.<br><br>Lassen Sie Ihre Kinder gegen HPV impfen.<\/p>\n\n<\/div>\n\n    <\/div>\n<\/div>\n\n\n<hr class=\"mh-spacer mh-spacer--7f838a2a97e108c00a1d9cc19ca8d0d2\" aria-hidden=\"true\" \/>\n\n\n\n<div class=\"wp-block-group is-layout-constrained wp-block-group-is-layout-constrained\">    <figure class=\"mh-image mh-image--align-left mh-image--0f8980e610d79c3994a91247d51aee4c\" >\n                        <a\n        class=\"mh-anchor-for-image\"\n        href=\"https:\/\/www.hpvinfo.be\/wp-content\/uploads\/sites\/123\/2023\/05\/HPV-patient-brochure-BE-NON-01446-FR.pdf\"\n        rel=\"noreferrer noopener\"\n        target=\"_blank\"\n    >\n            <img decoding=\"async\"\n        class=\"\"\n        src=\"https:\/\/www.hpvinfo.lu\/de\/wp-content\/uploads\/sites\/559\/2024\/08\/Q-A.png?w=38\"\n        width=\"38\"\n        height=\"38\"\n        loading=\"lazy\"\n        alt=\"\"\n            \/>\n        <\/a>\n                    <\/figure>\n\n\n\n<p\n    class=\"mh-paragraph mh-paragraph--center mh-paragraph--bd3782ccc1d492201b8ebd873c7222a9\"\n    >\n    <em>Wenn Ihre Kinder nicht geimpft sind, ist es wichtig, <strong>die Impfung mit ihnen und Ihrem Arzt zu besprechen.<\/strong><\/em><\/p>\n<\/div>\n\n\n<hr class=\"mh-spacer mh-spacer--85980df04a0ef87e0c56b19c2aff191a\" aria-hidden=\"true\" \/>\n\n\n<hr class=\"mh-separator mh-separator--c28ee33dacd7319c58081ac2d4b157d7\" aria-hidden=\"true\" \/>\n\n\n\n<p\n    class=\"mh-paragraph mh-paragraph--59c292f55e8e4c0449b9cd4d9a6a9259\"\n    >\n    DNA = Desoxyribonukleins\u00e4ure, ein biologisches Makromolek\u00fcl, das die gesamte genetische Information enth\u00e4lt<\/p>\n\n\n\n<p\n    class=\"mh-paragraph mh-paragraph--708ff2a175f6df60b30c7723cc6fddeb\"\n    >\n    HPV = Humanes Papillomavirus<\/p>\n\n\n\n<p\n    class=\"mh-paragraph mh-paragraph--692a19b618e0becb8582410d4948c6a2\"\n    >\n    STI = sexuell \u00fcbertragbare Infektionen<\/p>\n\n\n<div class=\"mh-accordion mh-accordion--a292a4ed9a5efb7b2ebf9aeb9fbec2e4 mh-accordion--default\" data-configuration=\"{&quot;variation&quot;:&quot;default&quot;,&quot;speed&quot;:250}\">\n    \n\n<section class=\"mh-accordion-molecule mh-accordion-molecule--bf39f68c77a6a3cb901f94fa387881db mh-accordion-molecule--closed\"  >\n    <header class=\"mh-accordion-molecule-header\">\n                <h4 class=\"mh-accordion-molecule-header__heading\">\n            <button class=\"mh-accordion-molecule-header__heading-trigger\" aria-expanded=\"false\" type=\"button\">\n                Referenzen :            <\/button>\n        <\/h4>\n        <span class=\"mh-accordion-molecule-header__icon-dropdown\">\n            \n<svg width=\"1em\" height=\"1em\" class=\"mh-icon mh-icon--kind-generic mh-icon--name-dropdown-arrow mh-icon--dropdown-arrow\" role=\"img\" aria-hidden=\"true\">\n    \n    \n    <use xlink:href=\"https:\/\/www.hpvinfo.lu\/de\/wp-content\/themes\/cex-wpvip-mh-theme-3.1\/modules\/theme\/resources\/icons\/svg\/generic\/dropdown-arrow.svg#dropdown-arrow\"><\/use>\n<\/svg>\n        <\/span>\n    <\/header>\n    <div class=\"mh-accordion-molecule-content\">\n        <div class=\"mh-accordion-molecule-content__body\">\n            \n\n<ol class=\"mh-v2-clist mh-v2-clist--4c1846f2b95251bb827856d5752c5a5e mh-v2-clist--line\"  >\n\n\n<li>\n    Chesson HW et al. The estimated lifetime probability of acquiring human papillomavirus in the US. Sex Transm Dis 2014;11:660-664.    <\/li>\n\n\n\n<li>\n    Shi R et al. BMC Res Notes. 2014;7:544;Factors associated with genital human papillomavirus infection among adult females in the United States, NHANES 2007-2010.    <\/li>\n\n\n\n<li>\n    Conseil Sup\u00e9rieur de la Sant\u00e9. Vaccination contre les infections caus\u00e9es par le papillomavirus humain. Bruxelles : CSS; 2017. Avis n\u00b0 9181.    <\/li>\n\n\n\n<li>\n    <a href=\"https:\/\/www.sciensano.be\/sites\/default\/files\/hpv_primaire_communication_fr_20241101_sciensano_1.pdf\">https:\/\/www.sciensano.be\/sites\/default\/files\/hpv_primaire_communication_fr_20241101_sciensano_1.pdf<\/a>. Last access: 02\/2025.    <\/li>\n\n\n\n<li>\n    Hartwig S. et al. Estimation of the overall burden of cancers, precancerous lesions, and genital warts attributable to 9-valent HPV vaccine types in women and men in Europe. Infect Agent Cancer. 2017;12:19 (Annex 1&amp;2).    <\/li>\n\n\n\n<li>\n    Hartwig S. et al. Estimation of the epidemiological burden of HPV-related anogenital cancers, precancerous lesions, and genital warts in women and men in Europe: potential additional benefit of a nine-valent second gene-ration HPV vaccine compared to first generation HPV vaccines. Papillomavirus Res. 2015;1:90\u2013100 (Annex 3).    <\/li>\n\n\n\n<li>\n    IARC report: <a href=\"https:\/\/hpvcentre.net\/statistics\/reports\/BEL.pdf?t=1701719033972\">https:\/\/hpvcentre.net\/statistics\/reports\/BEL.pdf?t=1701719033972<\/a>. Last access: 02\/2025.    <\/li>\n\n\n\n<li>\n    ECDC 2020. Guidance on HPV vaccination in EU countries: focus on boys, people living with HIV and 9-valent HPV vaccine introduction (europa.eu). Last access: 02\/2025.    <\/li>\n\n\n\n<li>\n    Satterwhite CL et al. Sexually transmitted infections among US women and men: pre-valence and incidence estimates, 2008. Sex Transm Dis 2013;40:187\u201393.    <\/li>\n\n\n\n<li>\n    Woodman C. et al. The natural history of cervical HPV infection: unresolved issues. Nat Rev Cancer. 2007;7:11\u201322.    <\/li>\n\n\n\n<li>\n    <a href=\"https:\/\/www.vaccination-info.be\/la-vaccination-contre-le-papillomavirus-humain-hpv-une-vaccination-pour-tous\/\">https:\/\/www.vaccination-info.be\/la-vaccination-contre-le-papillomavirus-humain-hpv-une-vaccination-pour-tous\/<\/a>. Last access: 02\/2025.    <\/li>\n\n\n\n<li>\n    Hartwig S. et al. Estimation of the epidemiological burden of HPV-related anogenital cancers, precancerous lesions, and genital warts in women and men in Europe: potential additional benefit of a nine-valent second generation HPV vaccine compared to first generation HPV vaccines. Papillomavirus Res. 2015;1:90\u2013100.    <\/li>\n\n\n\n<li>\n    INAMI: Variations de pratiques m\u00e9dicales. Rapport Col de l\u2019ut\u00e9rus, conisations. https:\/\/www.belgiqueenbonnesante.be\/images\/INAMI\/Rapports\/RAPPORT-FR-Col_de_luterus_conisation_Femmes_2023.pdf. Last acccess: 02\/2025.    <\/li>\n\n\n\n<li>\n    Tjalma W. AA. et al. If prophylactic HPV vaccination is considered in a woman with CIN2+, what is the value and should it be given before or after the surgical treatment? Eur Journ Obst &amp; Gyn &amp; Reproduct Biology. 2022;98\u2013101.    <\/li>\n\n\n\n<li>\n    Weaver BA. Epidemiology and Natural History of Genital Human Papillomavirus Infection. J Am Osteopath Assoc. 2006;106:S2\u20138.    <\/li>\n\n\n\n<li>\n    Bruni, Laia et al. \u201cGlobal and regional estimates of genital human papillomavirus prevalence among men: a systematic review and meta-analysis.\u201d The Lancet. Global health vol. 11,9 (2023): e1345-e1362.    <\/li>\n\n\n\n<li>\n    ICO\/IARC Information Centre on HPV and Cancer. Luxembourg Human Papillomavirus and Related Cancers, Fact Sheet 2023 (2023-03-10)    <\/li>\n\n<\/ol>\n\n        <\/div>\n    <\/div>\n<\/section>\n\n<\/div>\n\n\n<hr class=\"mh-spacer mh-spacer--99f05e4356b93b13b637e0cdeb95111b\" aria-hidden=\"true\" \/>\n\n\n<div class=\"mh-element mh-element--1c2f160961139fb4def29dce41dcdf8d mh-element--align-full\">\n    <div class=\"mh-container\">\n        \n<div class=\"mh-columns mh-column--2aad5c47b911e396bfd993f16223d843 mh-columns--gutter-m\">\n    <div class=\"mh-columns-inner\">\n        \n<div class=\"mh-column mh-column--12932c51a7c0a1a7b496393e5e50cc56 mh-column--12 mh-column--m-6 mh-column--l-3\">\n    \n    <figure class=\"mh-image mh-image--67004d3e141974f10740d4623eb50d18\" >\n                            <img decoding=\"async\"\n        class=\"\"\n        src=\"https:\/\/www.hpvinfo.lu\/de\/wp-content\/uploads\/sites\/559\/2025\/01\/HPVfoundation_LOGO_black_de_250.png?w=250\"\n        width=\"250\"\n        height=\"52\"\n        loading=\"lazy\"\n        alt=\"\"\n            \/>\n                        <\/figure>\n\n\n<hr class=\"mh-spacer mh-spacer--18ed09467a8ca8e30235f223abff62e2\" aria-hidden=\"true\" \/>\n\n\n\n<p\n    class=\"mh-paragraph mh-paragraph--e4d80641e271643402ada36b23c7091d\"\n    >\n    Diese Website hat den Zweck, Sie \u00fcber humane Papillomviren zu informieren. F\u00fcr weitere Informationen sprechen Sie mit Ihrem Arzt oder Apotheker.<br \/>\n<\/p>\n\n<\/div>\n\n\n<div class=\"mh-column mh-column--fa352165e41ebad944a1e47e51b128fd mh-column--12 mh-column--m-6 mh-column--l-3\">\n    \n\n<p\n    class=\"mh-paragraph mh-paragraph--9963f5ee17b83a97d64194c78241d3b6\"\n    >\n    <a href=\"\/de\/das-virus\">Das Virus<\/a><br \/>\n<a href=\"\/de\/folgen\/\">Die Folgen<br \/>\n<\/a><a href=\"\/de\/schutz\">Der Schutz<\/a><br \/>\n<a href=\"\/de\/impfung\/\">Die Impfung<\/a><br \/>\n<a href=\"\/de\/screening-2\/\">Das Screening<br \/>\n<\/a><a href=\"\/de\/fur-eltern\/\">F\u00fcr Eltern<br \/>\n<\/a><a href=\"\/de\/hpv-sehr-weit-verbreitet-oft-unterschatzt\/\">F\u00fcr Frauen<br \/>\n<\/a><a href=\"\/de\/fur-manner\/\">F\u00fcr M\u00e4nner<\/a><\/p>\n\n<\/div>\n\n\n<div class=\"mh-column mh-column--61caa85e68f43a1e9728679a48be1d01 mh-column--12 mh-column--m-6 mh-column--l-3\">\n    \n\n<p\n    class=\"mh-paragraph mh-paragraph--f3671c77f99aa642dfb2e2bf89af531f\"\n    >\n    <a href=\"https:\/\/www.msd-belgium.be\/en\/disclaimer\/\">Allgemeine Gesch\u00e4ftsbedingungen<br \/>\n<\/a><a href=\"https:\/\/www.msdprivacy.com\/be\/fra\/\">Datenschutzerkl\u00e4rung<\/a><br \/>\n<a href=\"mailto:dpoc_belux@msd.com\">Kontaktieren Sie uns<br \/>\nArzneimittel\u00fcberwachung<\/a><br \/>\n<a href=\"https:\/\/www.msdaccessibility.com\/\">Barrierefreiheit<\/a><\/p>\n\n\n    <figure class=\"mh-image mh-image--6e3e6c2974d6ae03616197474706adc5\" >\n                        <a\n        class=\"mh-anchor-for-image\"\n        href=\"https:\/\/www.essentialaccessibility.com\/msd\"\n        rel=\"\"\n        target=\"\"\n    >\n            <img decoding=\"async\"\n        class=\"\"\n        src=\"https:\/\/www.hpvinfo.lu\/de\/wp-content\/uploads\/sites\/559\/2024\/02\/ea-icon_75.png?w=75\"\n        width=\"75\"\n        height=\"29\"\n        loading=\"lazy\"\n        alt=\"Essential Accessibility\"\n            \/>\n        <\/a>\n                    <\/figure>\n\n<\/div>\n\n\n<div class=\"mh-column mh-column--0038233011e76050f6b804d0e8f4282d mh-column--12 mh-column--m-6 mh-column--l-3\">\n    \n\n<p>\u00a9 MSD Luxembourg S.\u00e0.r.l.<br>Rue de l\u2019Industrie 11<br>L-8399 Windhof<br>\u00a9 Copyright 2025, all rights reserved<br><\/p>\n\n\n\n<p><br>LU-NON-00065<br>Date of last revision: 04\/2025<\/p>\n\n<\/div>\n\n    <\/div>\n<\/div>\n\n    <\/div>\n<\/div>\n","protected":false},"excerpt":{"rendered":"","protected":false},"author":173,"featured_media":0,"parent":0,"menu_order":0,"comment_status":"closed","ping_status":"closed","template":"blank-canvas-template.php","meta":{"_mh_page_language":"de_DE","_mh_page_is_rtl":false,"editor_notices":[],"footnotes":""},"class_list":["post-4322","page","type-page","status-publish","hentry"],"yoast_head":"<!-- This site is optimized with the Yoast SEO plugin v23.9 - https:\/\/yoast.com\/wordpress\/plugins\/seo\/ -->\n<title>F\u00fcr Eltern - HPV Lux DE<\/title>\n<meta name=\"robots\" content=\"index, follow, max-snippet:-1, max-image-preview:large, max-video-preview:-1\" \/>\n<link rel=\"canonical\" href=\"https:\/\/www.hpvinfo.lu\/de\/fur-eltern\/\" \/>\n<meta property=\"og:locale\" content=\"de_DE\" \/>\n<meta property=\"og:type\" content=\"article\" \/>\n<meta property=\"og:title\" content=\"F\u00fcr Eltern - HPV Lux DE\" \/>\n<meta property=\"og:url\" content=\"https:\/\/www.hpvinfo.lu\/de\/fur-eltern\/\" \/>\n<meta property=\"og:site_name\" content=\"HPV Lux DE\" \/>\n<meta property=\"article:modified_time\" content=\"2026-04-07T16:54:37+00:00\" \/>\n<meta name=\"twitter:card\" content=\"summary_large_image\" \/>\n<meta name=\"twitter:label1\" content=\"Gesch\u00e4tzte Lesezeit\" \/>\n\t<meta name=\"twitter:data1\" content=\"1 Minute\" \/>\n<script type=\"application\/ld+json\" class=\"yoast-schema-graph\">{\"@context\":\"https:\/\/schema.org\",\"@graph\":[{\"@type\":\"WebPage\",\"@id\":\"https:\/\/www.hpvinfo.lu\/de\/fur-eltern\/\",\"url\":\"https:\/\/www.hpvinfo.lu\/de\/fur-eltern\/\",\"name\":\"F\u00fcr Eltern - HPV Lux DE\",\"isPartOf\":{\"@id\":\"https:\/\/www.hpvinfo.lu\/de\/#website\"},\"datePublished\":\"2024-08-23T11:13:23+00:00\",\"dateModified\":\"2026-04-07T16:54:37+00:00\",\"breadcrumb\":{\"@id\":\"https:\/\/www.hpvinfo.lu\/de\/fur-eltern\/#breadcrumb\"},\"inLanguage\":\"de-DE\",\"potentialAction\":[{\"@type\":\"ReadAction\",\"target\":[\"https:\/\/www.hpvinfo.lu\/de\/fur-eltern\/\"]}]},{\"@type\":\"BreadcrumbList\",\"@id\":\"https:\/\/www.hpvinfo.lu\/de\/fur-eltern\/#breadcrumb\",\"itemListElement\":[{\"@type\":\"ListItem\",\"position\":1,\"name\":\"Home\",\"item\":\"https:\/\/www.hpvinfo.lu\/de\/\"},{\"@type\":\"ListItem\",\"position\":2,\"name\":\"F\u00fcr Eltern\"}]},{\"@type\":\"WebSite\",\"@id\":\"https:\/\/www.hpvinfo.lu\/de\/#website\",\"url\":\"https:\/\/www.hpvinfo.lu\/de\/\",\"name\":\"HPV Lux DE\",\"description\":\"Consumer Activation\",\"potentialAction\":[{\"@type\":\"SearchAction\",\"target\":{\"@type\":\"EntryPoint\",\"urlTemplate\":\"https:\/\/www.hpvinfo.lu\/de\/?s={search_term_string}\"},\"query-input\":{\"@type\":\"PropertyValueSpecification\",\"valueRequired\":true,\"valueName\":\"search_term_string\"}}],\"inLanguage\":\"de-DE\"}]}<\/script>\n<!-- \/ Yoast SEO plugin. -->","yoast_head_json":{"title":"F\u00fcr Eltern - HPV Lux DE","robots":{"index":"index","follow":"follow","max-snippet":"max-snippet:-1","max-image-preview":"max-image-preview:large","max-video-preview":"max-video-preview:-1"},"canonical":"https:\/\/www.hpvinfo.lu\/de\/fur-eltern\/","og_locale":"de_DE","og_type":"article","og_title":"F\u00fcr Eltern - HPV Lux DE","og_url":"https:\/\/www.hpvinfo.lu\/de\/fur-eltern\/","og_site_name":"HPV Lux DE","article_modified_time":"2026-04-07T16:54:37+00:00","twitter_card":"summary_large_image","twitter_misc":{"Gesch\u00e4tzte Lesezeit":"1 Minute"},"schema":{"@context":"https:\/\/schema.org","@graph":[{"@type":"WebPage","@id":"https:\/\/www.hpvinfo.lu\/de\/fur-eltern\/","url":"https:\/\/www.hpvinfo.lu\/de\/fur-eltern\/","name":"F\u00fcr Eltern - HPV Lux DE","isPartOf":{"@id":"https:\/\/www.hpvinfo.lu\/de\/#website"},"datePublished":"2024-08-23T11:13:23+00:00","dateModified":"2026-04-07T16:54:37+00:00","breadcrumb":{"@id":"https:\/\/www.hpvinfo.lu\/de\/fur-eltern\/#breadcrumb"},"inLanguage":"de-DE","potentialAction":[{"@type":"ReadAction","target":["https:\/\/www.hpvinfo.lu\/de\/fur-eltern\/"]}]},{"@type":"BreadcrumbList","@id":"https:\/\/www.hpvinfo.lu\/de\/fur-eltern\/#breadcrumb","itemListElement":[{"@type":"ListItem","position":1,"name":"Home","item":"https:\/\/www.hpvinfo.lu\/de\/"},{"@type":"ListItem","position":2,"name":"F\u00fcr Eltern"}]},{"@type":"WebSite","@id":"https:\/\/www.hpvinfo.lu\/de\/#website","url":"https:\/\/www.hpvinfo.lu\/de\/","name":"HPV Lux DE","description":"Consumer Activation","potentialAction":[{"@type":"SearchAction","target":{"@type":"EntryPoint","urlTemplate":"https:\/\/www.hpvinfo.lu\/de\/?s={search_term_string}"},"query-input":{"@type":"PropertyValueSpecification","valueRequired":true,"valueName":"search_term_string"}}],"inLanguage":"de-DE"}]}},"_links":{"self":[{"href":"https:\/\/www.hpvinfo.lu\/de\/wp-json\/wp\/v2\/pages\/4322","targetHints":{"allow":["GET"]}}],"collection":[{"href":"https:\/\/www.hpvinfo.lu\/de\/wp-json\/wp\/v2\/pages"}],"about":[{"href":"https:\/\/www.hpvinfo.lu\/de\/wp-json\/wp\/v2\/types\/page"}],"author":[{"embeddable":true,"href":"https:\/\/www.hpvinfo.lu\/de\/wp-json\/wp\/v2\/users\/173"}],"replies":[{"embeddable":true,"href":"https:\/\/www.hpvinfo.lu\/de\/wp-json\/wp\/v2\/comments?post=4322"}],"version-history":[{"count":18,"href":"https:\/\/www.hpvinfo.lu\/de\/wp-json\/wp\/v2\/pages\/4322\/revisions"}],"predecessor-version":[{"id":5389,"href":"https:\/\/www.hpvinfo.lu\/de\/wp-json\/wp\/v2\/pages\/4322\/revisions\/5389"}],"wp:attachment":[{"href":"https:\/\/www.hpvinfo.lu\/de\/wp-json\/wp\/v2\/media?parent=4322"}],"curies":[{"name":"wp","href":"https:\/\/api.w.org\/{rel}","templated":true}]}}